{"id":39221,"date":"2021-11-25T13:18:03","date_gmt":"2021-11-25T11:18:03","guid":{"rendered":"https:\/\/skytrack.org\/skytrack-telematics\/"},"modified":"2023-02-01T14:12:28","modified_gmt":"2023-02-01T12:12:28","slug":"skytrack-telematics","status":"publish","type":"page","link":"https:\/\/skytrack.org\/ro\/skytrack-telematics\/","title":{"rendered":"Skytrack Telematics"},"content":{"rendered":"\t\t<div data-elementor-type=\"wp-page\" data-elementor-id=\"39221\" class=\"elementor elementor-39221 elementor-5630\" data-elementor-post-type=\"page\">\n\t\t\t\t\t\t<section class=\"elementor-section elementor-top-section elementor-element elementor-element-dd247bf ot-traditional elementor-section-boxed elementor-section-height-default elementor-section-height-default\" data-id=\"dd247bf\" data-element_type=\"section\">\n\t\t\t\t\t\t<div class=\"elementor-container elementor-column-gap-default\">\n\t\t\t\t\t<div class=\"elementor-column elementor-col-100 elementor-top-column elementor-element elementor-element-1f4e0cb ot-flex-column-vertical\" data-id=\"1f4e0cb\" data-element_type=\"column\">\n\t\t\t<div class=\"elementor-widget-wrap elementor-element-populated\">\n\t\t\t\t\t\t<div class=\"elementor-element elementor-element-cd09ac1 elementor-widget elementor-widget-iheading\" data-id=\"cd09ac1\" data-element_type=\"widget\" data-widget_type=\"iheading.default\">\n\t\t\t\t<div class=\"elementor-widget-container\">\n\t\t\t\t\t\t\t<div class=\"ot-heading\">\r\n\t        \t            <span>\/\/ vitrin\u0103<\/span>\r\n\t        <h2 class=\"main-heading\">Skytrack Telematics<\/h2>\t    <\/div>\r\n\t    \t\t\t\t<\/div>\n\t\t\t\t<\/div>\n\t\t\t\t<div class=\"elementor-element elementor-element-0edd787 elementor-widget elementor-widget-text-editor\" data-id=\"0edd787\" data-element_type=\"widget\" data-widget_type=\"text-editor.default\">\n\t\t\t\t<div class=\"elementor-widget-container\">\n\t\t\t\t\t\t\t\t\t<p>\u00cembin\u00e2nd cele mai bune tehnologii de telecomunica\u021bii \u0219i informatic\u0103, telematica ofer\u0103 modalit\u0103\u021bi unice de monitorizare a unui vehicul. De la motociclete la camioane grele, de la o singur\u0103 ma\u0219in\u0103 la flote uria\u0219e &#8211; exist\u0103 o solu\u021bie pentru fiecare client \u00een parte. Telematica este cheia unei gestion\u0103ri eficiente a resurselor, a optimiz\u0103rii costurilor \u0219i a siguran\u021bei \u00eentr-o serie de industrii.<\/p>\n\t\t\t\t\t\t\t\t<\/div>\n\t\t\t\t<\/div>\n\t\t\t\t<div class=\"elementor-element elementor-element-52770ed elementor-invisible elementor-widget elementor-widget-ipfilter\" data-id=\"52770ed\" data-element_type=\"widget\" data-settings=\"{&quot;_animation&quot;:&quot;fadeInDown&quot;}\" data-widget_type=\"ipfilter.default\">\n\t\t\t\t<div class=\"elementor-widget-container\">\n\t\t\t\t\t\r\n\t\t<div class=\"project-filter-wrapper\">\r\n\t        \r\n\t        <div class=\"projects-grid projects-style-1\">\r\n\t        \t\r\n\t            \r\n\t            \t<div class=\"project-item category-46 \">\r\n\t\t\t\t\t\t<div class=\"projects-box\">\r\n\t\t\t\t\t\t\t<div class=\"projects-thumbnail\">\r\n\t\t\t\t\t\t\t\t<a href=\"https:\/\/skytrack.org\/ro\/portfolio\/managementul-flotei\/\">\r\n\t\t\t\t\t\t\t\t\t<img fetchpriority=\"high\" decoding=\"async\" width=\"720\" height=\"720\" src=\"https:\/\/skytrack.org\/wp-content\/uploads\/2022\/07\/semi-truck-with-cargo-trailer-driving-on-highway-h-2022-01-31-17-47-35-utc-720x720.jpg\" class=\"attachment-engitech-portfolio-thumbnail-grid size-engitech-portfolio-thumbnail-grid wp-post-image\" alt=\"\" srcset=\"https:\/\/skytrack.org\/wp-content\/uploads\/2022\/07\/semi-truck-with-cargo-trailer-driving-on-highway-h-2022-01-31-17-47-35-utc-720x720.jpg 720w, https:\/\/skytrack.org\/wp-content\/uploads\/2022\/07\/semi-truck-with-cargo-trailer-driving-on-highway-h-2022-01-31-17-47-35-utc-150x150.jpg 150w\" sizes=\"(max-width: 720px) 100vw, 720px\" \/>\t\t\t\t\t\t\t\t<\/a>\r\n\t\t\t\t\t\t\t<\/div>\r\n\t\t\t\t\t\t\t<div class=\"portfolio-info \">\r\n\t\t\t\t\t\t\t\t<a class=\"overlay\" href=\"https:\/\/skytrack.org\/ro\/portfolio\/managementul-flotei\/\"><\/a>\t\t\t\t\t\t\t\t<div class=\"portfolio-info-inner\">\r\n\t\t\t\t\t\t\t\t\t<h5><a href=\"https:\/\/skytrack.org\/ro\/portfolio\/managementul-flotei\/\">Managementul flotei<\/a><\/h5>\r\n\t\t\t\t\t\t\t\t\t \r\n\t\t\t\t\t\t\t\t<\/div>\r\n\t\t\t\t\t\t\t<\/div>\r\n\t\t\t\t\t\t<\/div>\r\n\t\t\t\t\t<\/div>\r\n\r\n\t            \r\n\t            \t<div class=\"project-item category-46 \">\r\n\t\t\t\t\t\t<div class=\"projects-box\">\r\n\t\t\t\t\t\t\t<div class=\"projects-thumbnail\">\r\n\t\t\t\t\t\t\t\t<a href=\"https:\/\/skytrack.org\/ro\/portfolio\/masini\/\">\r\n\t\t\t\t\t\t\t\t\t<img decoding=\"async\" width=\"720\" height=\"720\" src=\"https:\/\/skytrack.org\/wp-content\/uploads\/2022\/06\/landscape-with-blue-off-road-car-on-gravel-road-t-2022-01-04-19-49-43-utc-720x720.jpg\" class=\"attachment-engitech-portfolio-thumbnail-grid size-engitech-portfolio-thumbnail-grid wp-post-image\" alt=\"\" srcset=\"https:\/\/skytrack.org\/wp-content\/uploads\/2022\/06\/landscape-with-blue-off-road-car-on-gravel-road-t-2022-01-04-19-49-43-utc-720x720.jpg 720w, https:\/\/skytrack.org\/wp-content\/uploads\/2022\/06\/landscape-with-blue-off-road-car-on-gravel-road-t-2022-01-04-19-49-43-utc-150x150.jpg 150w\" sizes=\"(max-width: 720px) 100vw, 720px\" \/>\t\t\t\t\t\t\t\t<\/a>\r\n\t\t\t\t\t\t\t<\/div>\r\n\t\t\t\t\t\t\t<div class=\"portfolio-info \">\r\n\t\t\t\t\t\t\t\t<a class=\"overlay\" href=\"https:\/\/skytrack.org\/ro\/portfolio\/masini\/\"><\/a>\t\t\t\t\t\t\t\t<div class=\"portfolio-info-inner\">\r\n\t\t\t\t\t\t\t\t\t<h5><a href=\"https:\/\/skytrack.org\/ro\/portfolio\/masini\/\">Ma\u0219ini<\/a><\/h5>\r\n\t\t\t\t\t\t\t\t\t \r\n\t\t\t\t\t\t\t\t<\/div>\r\n\t\t\t\t\t\t\t<\/div>\r\n\t\t\t\t\t\t<\/div>\r\n\t\t\t\t\t<\/div>\r\n\r\n\t            \r\n\t            \t<div class=\"project-item category-46 \">\r\n\t\t\t\t\t\t<div class=\"projects-box\">\r\n\t\t\t\t\t\t\t<div class=\"projects-thumbnail\">\r\n\t\t\t\t\t\t\t\t<a href=\"https:\/\/skytrack.org\/ro\/portfolio\/motociclete\/\">\r\n\t\t\t\t\t\t\t\t\t<img decoding=\"async\" width=\"720\" height=\"720\" src=\"https:\/\/skytrack.org\/wp-content\/uploads\/2021\/11\/motorcycle-riding-pov-720x720.jpg\" class=\"attachment-engitech-portfolio-thumbnail-grid size-engitech-portfolio-thumbnail-grid wp-post-image\" alt=\"\" srcset=\"https:\/\/skytrack.org\/wp-content\/uploads\/2021\/11\/motorcycle-riding-pov-720x720.jpg 720w, https:\/\/skytrack.org\/wp-content\/uploads\/2021\/11\/motorcycle-riding-pov-150x150.jpg 150w\" sizes=\"(max-width: 720px) 100vw, 720px\" \/>\t\t\t\t\t\t\t\t<\/a>\r\n\t\t\t\t\t\t\t<\/div>\r\n\t\t\t\t\t\t\t<div class=\"portfolio-info \">\r\n\t\t\t\t\t\t\t\t<a class=\"overlay\" href=\"https:\/\/skytrack.org\/ro\/portfolio\/motociclete\/\"><\/a>\t\t\t\t\t\t\t\t<div class=\"portfolio-info-inner\">\r\n\t\t\t\t\t\t\t\t\t<h5><a href=\"https:\/\/skytrack.org\/ro\/portfolio\/motociclete\/\">Motociclete<\/a><\/h5>\r\n\t\t\t\t\t\t\t\t\t \r\n\t\t\t\t\t\t\t\t<\/div>\r\n\t\t\t\t\t\t\t<\/div>\r\n\t\t\t\t\t\t<\/div>\r\n\t\t\t\t\t<\/div>\r\n\r\n\t            \r\n\t            \t<div class=\"project-item category-46 \">\r\n\t\t\t\t\t\t<div class=\"projects-box\">\r\n\t\t\t\t\t\t\t<div class=\"projects-thumbnail\">\r\n\t\t\t\t\t\t\t\t<a href=\"https:\/\/skytrack.org\/ro\/portfolio\/barci\/\">\r\n\t\t\t\t\t\t\t\t\t<img loading=\"lazy\" decoding=\"async\" width=\"720\" height=\"720\" src=\"https:\/\/skytrack.org\/wp-content\/uploads\/2022\/06\/sailing-yacht-on-the-ocean-2021-09-03-22-58-13-utc-720x720.jpg\" class=\"attachment-engitech-portfolio-thumbnail-grid size-engitech-portfolio-thumbnail-grid wp-post-image\" alt=\"\" srcset=\"https:\/\/skytrack.org\/wp-content\/uploads\/2022\/06\/sailing-yacht-on-the-ocean-2021-09-03-22-58-13-utc-720x720.jpg 720w, https:\/\/skytrack.org\/wp-content\/uploads\/2022\/06\/sailing-yacht-on-the-ocean-2021-09-03-22-58-13-utc-150x150.jpg 150w\" sizes=\"(max-width: 720px) 100vw, 720px\" \/>\t\t\t\t\t\t\t\t<\/a>\r\n\t\t\t\t\t\t\t<\/div>\r\n\t\t\t\t\t\t\t<div class=\"portfolio-info \">\r\n\t\t\t\t\t\t\t\t<a class=\"overlay\" href=\"https:\/\/skytrack.org\/ro\/portfolio\/barci\/\"><\/a>\t\t\t\t\t\t\t\t<div class=\"portfolio-info-inner\">\r\n\t\t\t\t\t\t\t\t\t<h5><a href=\"https:\/\/skytrack.org\/ro\/portfolio\/barci\/\">B\u0103rci<\/a><\/h5>\r\n\t\t\t\t\t\t\t\t\t \r\n\t\t\t\t\t\t\t\t<\/div>\r\n\t\t\t\t\t\t\t<\/div>\r\n\t\t\t\t\t\t<\/div>\r\n\t\t\t\t\t<\/div>\r\n\r\n\t            \r\n\t            \t<div class=\"project-item category-46 \">\r\n\t\t\t\t\t\t<div class=\"projects-box\">\r\n\t\t\t\t\t\t\t<div class=\"projects-thumbnail\">\r\n\t\t\t\t\t\t\t\t<a href=\"https:\/\/skytrack.org\/ro\/portfolio\/servicii-de-utilitati\/\">\r\n\t\t\t\t\t\t\t\t\t<img loading=\"lazy\" decoding=\"async\" width=\"720\" height=\"720\" src=\"https:\/\/skytrack.org\/wp-content\/uploads\/2021\/11\/street-sweeper-machine-cleaning-the-streets-720x720.jpg\" class=\"attachment-engitech-portfolio-thumbnail-grid size-engitech-portfolio-thumbnail-grid wp-post-image\" alt=\"\" srcset=\"https:\/\/skytrack.org\/wp-content\/uploads\/2021\/11\/street-sweeper-machine-cleaning-the-streets-720x720.jpg 720w, https:\/\/skytrack.org\/wp-content\/uploads\/2021\/11\/street-sweeper-machine-cleaning-the-streets-150x150.jpg 150w\" sizes=\"(max-width: 720px) 100vw, 720px\" \/>\t\t\t\t\t\t\t\t<\/a>\r\n\t\t\t\t\t\t\t<\/div>\r\n\t\t\t\t\t\t\t<div class=\"portfolio-info \">\r\n\t\t\t\t\t\t\t\t<a class=\"overlay\" href=\"https:\/\/skytrack.org\/ro\/portfolio\/servicii-de-utilitati\/\"><\/a>\t\t\t\t\t\t\t\t<div class=\"portfolio-info-inner\">\r\n\t\t\t\t\t\t\t\t\t<h5><a href=\"https:\/\/skytrack.org\/ro\/portfolio\/servicii-de-utilitati\/\">Servicii de utilit\u0103\u021bi<\/a><\/h5>\r\n\t\t\t\t\t\t\t\t\t \r\n\t\t\t\t\t\t\t\t<\/div>\r\n\t\t\t\t\t\t\t<\/div>\r\n\t\t\t\t\t\t<\/div>\r\n\t\t\t\t\t<\/div>\r\n\r\n\t            \r\n\t            \t<div class=\"project-item category-46 \">\r\n\t\t\t\t\t\t<div class=\"projects-box\">\r\n\t\t\t\t\t\t\t<div class=\"projects-thumbnail\">\r\n\t\t\t\t\t\t\t\t<a href=\"https:\/\/skytrack.org\/ro\/portfolio\/logistica\/\">\r\n\t\t\t\t\t\t\t\t\t<img loading=\"lazy\" decoding=\"async\" width=\"720\" height=\"720\" src=\"https:\/\/skytrack.org\/wp-content\/uploads\/2021\/11\/logistics1-720x720.jpg\" class=\"attachment-engitech-portfolio-thumbnail-grid size-engitech-portfolio-thumbnail-grid wp-post-image\" alt=\"\" srcset=\"https:\/\/skytrack.org\/wp-content\/uploads\/2021\/11\/logistics1-720x720.jpg 720w, https:\/\/skytrack.org\/wp-content\/uploads\/2021\/11\/logistics1-150x150.jpg 150w\" sizes=\"(max-width: 720px) 100vw, 720px\" \/>\t\t\t\t\t\t\t\t<\/a>\r\n\t\t\t\t\t\t\t<\/div>\r\n\t\t\t\t\t\t\t<div class=\"portfolio-info \">\r\n\t\t\t\t\t\t\t\t<a class=\"overlay\" href=\"https:\/\/skytrack.org\/ro\/portfolio\/logistica\/\"><\/a>\t\t\t\t\t\t\t\t<div class=\"portfolio-info-inner\">\r\n\t\t\t\t\t\t\t\t\t<h5><a href=\"https:\/\/skytrack.org\/ro\/portfolio\/logistica\/\">Logistic\u0103<\/a><\/h5>\r\n\t\t\t\t\t\t\t\t\t \r\n\t\t\t\t\t\t\t\t<\/div>\r\n\t\t\t\t\t\t\t<\/div>\r\n\t\t\t\t\t\t<\/div>\r\n\t\t\t\t\t<\/div>\r\n\r\n\t            \t        <\/div>\r\n\t    <\/div>\r\n\r\n\t    \t\t\t\t<\/div>\n\t\t\t\t<\/div>\n\t\t\t\t\t<\/div>\n\t\t<\/div>\n\t\t\t\t\t<\/div>\n\t\t<\/section>\n\t\t\t\t<section class=\"elementor-section elementor-top-section elementor-element elementor-element-1d569b8 ot-traditional elementor-section-boxed elementor-section-height-default elementor-section-height-default\" data-id=\"1d569b8\" data-element_type=\"section\">\n\t\t\t\t\t\t<div class=\"elementor-container elementor-column-gap-default\">\n\t\t\t\t\t<div class=\"elementor-column elementor-col-100 elementor-top-column elementor-element elementor-element-de14e3e ot-flex-column-vertical\" data-id=\"de14e3e\" data-element_type=\"column\">\n\t\t\t<div class=\"elementor-widget-wrap elementor-element-populated\">\n\t\t\t\t\t\t<div class=\"elementor-element elementor-element-76b609a elementor-widget elementor-widget-imenu\" data-id=\"76b609a\" data-element_type=\"widget\" data-widget_type=\"imenu.default\">\n\t\t\t\t<div class=\"elementor-widget-container\">\n\t\t\t\t\t\t\t\t<nav id=\"site-navigation\" class=\"main-navigation \">\t\t\t\r\n\t\t\t\t<ul id=\"primary-menu\" class=\"menu\"><li id=\"menu-item-47287\" class=\"menu-item menu-item-type-post_type menu-item-object-page menu-item-home menu-item-47287\"><a href=\"https:\/\/skytrack.org\/home-5\/\">Acas\u0103<\/a><\/li>\n<li id=\"menu-item-2030\" class=\"menu-item menu-item-type-custom menu-item-object-custom menu-item-has-children menu-item-2030\"><a>Company<\/a>\n<ul class=\"sub-menu\">\n\t<li id=\"menu-item-9608\" class=\"menu-item menu-item-type-post_type menu-item-object-page menu-item-9608\"><a href=\"https:\/\/skytrack.org\/about-us\/\">Despre noi<\/a><\/li>\n\t<li id=\"menu-item-2026\" class=\"menu-item menu-item-type-post_type menu-item-object-page menu-item-2026\"><a href=\"https:\/\/skytrack.org\/why-choose-us\/\">De ce s\u0103 ne alege\u021bi pe noi<\/a><\/li>\n\t<li id=\"menu-item-2021\" class=\"menu-item menu-item-type-post_type menu-item-object-page menu-item-2021\"><a href=\"https:\/\/skytrack.org\/our-team\/\">Echipa noastr\u0103<\/a><\/li>\n\t<li id=\"menu-item-10898\" class=\"menu-item menu-item-type-post_type menu-item-object-page menu-item-10898\"><a href=\"https:\/\/skytrack.org\/how-it-works\/\">Cum func\u021bioneaz\u0103<\/a><\/li>\n\t<li id=\"menu-item-9266\" class=\"menu-item menu-item-type-post_type menu-item-object-page menu-item-9266\"><a href=\"https:\/\/skytrack.org\/become-a-partner\/\">Deveni\u021bi partener<\/a><\/li>\n\t<li id=\"menu-item-20938\" class=\"menu-item menu-item-type-post_type menu-item-object-page menu-item-20938\"><a href=\"https:\/\/skytrack.org\/newsroom\/\">Redac\u021bia<\/a><\/li>\n\t<li id=\"menu-item-11675\" class=\"menu-item menu-item-type-post_type menu-item-object-page menu-item-11675\"><a href=\"https:\/\/skytrack.org\/career\/\">Cariera<\/a><\/li>\n\t<li id=\"menu-item-2019\" class=\"menu-item menu-item-type-post_type menu-item-object-page menu-item-2019\"><a href=\"https:\/\/skytrack.org\/faqs\/\">\u00centreb\u0103ri frecvente<\/a><\/li>\n<\/ul>\n<\/li>\n<li id=\"menu-item-7986\" class=\"menu-item menu-item-type-post_type menu-item-object-page menu-item-7986\"><a href=\"https:\/\/skytrack.org\/features\/\">Caracteristici<\/a><\/li>\n<li id=\"menu-item-12667\" class=\"menu-item menu-item-type-custom menu-item-object-custom menu-item-has-children menu-item-12667\"><a>Skytrack Services<\/a>\n<ul class=\"sub-menu\">\n\t<li id=\"menu-item-12670\" class=\"menu-item menu-item-type-post_type menu-item-object-page menu-item-12670\"><a href=\"https:\/\/skytrack.org\/skytrack-telematics\/\">Skytrack Telematics<\/a><\/li>\n\t<li id=\"menu-item-14237\" class=\"menu-item menu-item-type-custom menu-item-object-custom menu-item-14237\"><a href=\"https:\/\/skytrack.org\/skytrack-iot\/\">Skytrack IoT<\/a><\/li>\n\t<li id=\"menu-item-48425\" class=\"menu-item menu-item-type-post_type menu-item-object-page menu-item-48425\"><a href=\"https:\/\/skytrack.org\/ro\/skytrack-sim-cards\/\">Skytrack SIM Cards<\/a><\/li>\n<\/ul>\n<\/li>\n<li id=\"menu-item-42317\" class=\"menu-item menu-item-type-post_type menu-item-object-page menu-item-42317\"><a href=\"https:\/\/skytrack.org\/ro\/academy\/\">Academy<\/a><\/li>\n<li id=\"menu-item-47461\" class=\"menu-item menu-item-type-post_type menu-item-object-page menu-item-47461\"><a href=\"https:\/\/skytrack.org\/ro\/partners-network-2\/\">Partners Network<\/a><\/li>\n<li id=\"menu-item-5497\" class=\"menu-item menu-item-type-post_type menu-item-object-page menu-item-5497\"><a href=\"https:\/\/skytrack.org\/projects\/\">Proiecte<\/a><\/li>\n<li id=\"menu-item-2014\" class=\"menu-item menu-item-type-post_type menu-item-object-page current_page_parent menu-item-2014\"><a href=\"https:\/\/skytrack.org\/blog\/\">Blog<\/a><\/li>\n<li id=\"menu-item-2017\" class=\"menu-item menu-item-type-post_type menu-item-object-page menu-item-2017\"><a href=\"https:\/\/skytrack.org\/contact-us\/\">Contacta\u021bi-ne<\/a><\/li>\n<li id=\"menu-item-wpml-ls-44-ro\" class=\"menu-item wpml-ls-slot-44 wpml-ls-item wpml-ls-item-ro wpml-ls-current-language wpml-ls-menu-item menu-item-type-wpml_ls_menu_item menu-item-object-wpml_ls_menu_item menu-item-has-children menu-item-wpml-ls-44-ro\"><a href=\"https:\/\/skytrack.org\/ro\/\" title=\"Rom\u00e2n\u0103\"><img decoding=\"async\"\n            class=\"wpml-ls-flag\"\n            src=\"https:\/\/skytrack.org\/wp-content\/plugins\/sitepress-multilingual-cms\/res\/flags\/ro.png\"\n            alt=\"\"\n            \n            \n    \/><span class=\"wpml-ls-native\" lang=\"ro\">Rom\u00e2n\u0103<\/span><\/a>\n<ul class=\"sub-menu\">\n\t<li id=\"menu-item-wpml-ls-44-en\" class=\"menu-item wpml-ls-slot-44 wpml-ls-item wpml-ls-item-en wpml-ls-menu-item wpml-ls-first-item menu-item-type-wpml_ls_menu_item menu-item-object-wpml_ls_menu_item menu-item-wpml-ls-44-en\"><a href=\"https:\/\/skytrack.org\/\" title=\"Englez\u0103\"><img decoding=\"async\"\n            class=\"wpml-ls-flag\"\n            src=\"https:\/\/skytrack.org\/wp-content\/plugins\/sitepress-multilingual-cms\/res\/flags\/en.png\"\n            alt=\"\"\n            \n            \n    \/><span class=\"wpml-ls-native\" lang=\"en\">English<\/span><span class=\"wpml-ls-display\"><span class=\"wpml-ls-bracket\"> (<\/span>Englez\u0103<span class=\"wpml-ls-bracket\">)<\/span><\/span><\/a><\/li>\n\t<li id=\"menu-item-wpml-ls-44-el\" class=\"menu-item wpml-ls-slot-44 wpml-ls-item wpml-ls-item-el wpml-ls-menu-item menu-item-type-wpml_ls_menu_item menu-item-object-wpml_ls_menu_item menu-item-wpml-ls-44-el\"><a href=\"https:\/\/skytrack.org\/el\/\" title=\"Greac\u0103\"><img decoding=\"async\"\n            class=\"wpml-ls-flag\"\n            src=\"https:\/\/skytrack.org\/wp-content\/plugins\/sitepress-multilingual-cms\/res\/flags\/el.png\"\n            alt=\"\"\n            \n            \n    \/><span class=\"wpml-ls-native\" lang=\"el\">\u0395\u03bb\u03bb\u03b7\u03bd\u03b9\u03ba\u03ac<\/span><span class=\"wpml-ls-display\"><span class=\"wpml-ls-bracket\"> (<\/span>Greac\u0103<span class=\"wpml-ls-bracket\">)<\/span><\/span><\/a><\/li>\n\t<li id=\"menu-item-wpml-ls-44-bg\" class=\"menu-item wpml-ls-slot-44 wpml-ls-item wpml-ls-item-bg wpml-ls-menu-item menu-item-type-wpml_ls_menu_item menu-item-object-wpml_ls_menu_item menu-item-wpml-ls-44-bg\"><a href=\"https:\/\/skytrack.org\/bg\/\" title=\"Bulgar\u0103\"><img decoding=\"async\"\n            class=\"wpml-ls-flag\"\n            src=\"https:\/\/skytrack.org\/wp-content\/plugins\/sitepress-multilingual-cms\/res\/flags\/bg.png\"\n            alt=\"\"\n            \n            \n    \/><span class=\"wpml-ls-native\" lang=\"bg\">\u0411\u044a\u043b\u0433\u0430\u0440\u0441\u043a\u0438<\/span><span class=\"wpml-ls-display\"><span class=\"wpml-ls-bracket\"> (<\/span>Bulgar\u0103<span class=\"wpml-ls-bracket\">)<\/span><\/span><\/a><\/li>\n\t<li id=\"menu-item-wpml-ls-44-cs\" class=\"menu-item wpml-ls-slot-44 wpml-ls-item wpml-ls-item-cs wpml-ls-menu-item menu-item-type-wpml_ls_menu_item menu-item-object-wpml_ls_menu_item menu-item-wpml-ls-44-cs\"><a href=\"https:\/\/skytrack.org\/cs\/\" title=\"Ceh\u0103\"><img decoding=\"async\"\n            class=\"wpml-ls-flag\"\n            src=\"https:\/\/skytrack.org\/wp-content\/plugins\/sitepress-multilingual-cms\/res\/flags\/cs.png\"\n            alt=\"\"\n            \n            \n    \/><span class=\"wpml-ls-native\" lang=\"cs\">\u010ce\u0161tina<\/span><span class=\"wpml-ls-display\"><span class=\"wpml-ls-bracket\"> (<\/span>Ceh\u0103<span class=\"wpml-ls-bracket\">)<\/span><\/span><\/a><\/li>\n\t<li id=\"menu-item-wpml-ls-44-it\" class=\"menu-item wpml-ls-slot-44 wpml-ls-item wpml-ls-item-it wpml-ls-menu-item menu-item-type-wpml_ls_menu_item menu-item-object-wpml_ls_menu_item menu-item-wpml-ls-44-it\"><a href=\"https:\/\/skytrack.org\/it\/\" title=\"Italian\u0103\"><img decoding=\"async\"\n            class=\"wpml-ls-flag\"\n            src=\"https:\/\/skytrack.org\/wp-content\/plugins\/sitepress-multilingual-cms\/res\/flags\/it.png\"\n            alt=\"\"\n            \n            \n    \/><span class=\"wpml-ls-native\" lang=\"it\">Italiano<\/span><span class=\"wpml-ls-display\"><span class=\"wpml-ls-bracket\"> (<\/span>Italian\u0103<span class=\"wpml-ls-bracket\">)<\/span><\/span><\/a><\/li>\n\t<li id=\"menu-item-wpml-ls-44-es\" class=\"menu-item wpml-ls-slot-44 wpml-ls-item wpml-ls-item-es wpml-ls-menu-item wpml-ls-last-item menu-item-type-wpml_ls_menu_item menu-item-object-wpml_ls_menu_item menu-item-wpml-ls-44-es\"><a href=\"https:\/\/skytrack.org\/es\/\" title=\"Spaniol\u0103\"><img decoding=\"async\"\n            class=\"wpml-ls-flag\"\n            src=\"https:\/\/skytrack.org\/wp-content\/plugins\/sitepress-multilingual-cms\/res\/flags\/es.png\"\n            alt=\"\"\n            \n            \n    \/><span class=\"wpml-ls-native\" lang=\"es\">Espa\u00f1ol<\/span><span class=\"wpml-ls-display\"><span class=\"wpml-ls-bracket\"> (<\/span>Spaniol\u0103<span class=\"wpml-ls-bracket\">)<\/span><\/span><\/a><\/li>\n<\/ul>\n<\/li>\n<\/ul>\t\t\t<\/nav>\r\n\t    \t\t\t\t<\/div>\n\t\t\t\t<\/div>\n\t\t\t\t\t<\/div>\n\t\t<\/div>\n\t\t\t\t\t<\/div>\n\t\t<\/section>\n\t\t\t\t<\/div>\n\t\t","protected":false},"excerpt":{"rendered":"<p>\/\/ vitrin\u0103 Skytrack Telematics \u00cembin\u00e2nd cele mai bune tehnologii de telecomunica\u021bii \u0219i informatic\u0103, telematica ofer\u0103 modalit\u0103\u021bi unice de monitorizare a unui vehicul. De la motociclete la camioane grele, de la o singur\u0103 ma\u0219in\u0103 la flote uria\u0219e &#8211; exist\u0103 o solu\u021bie pentru fiecare client \u00een parte. Telematica este cheia unei gestion\u0103ri eficiente a resurselor, a optimiz\u0103rii [&hellip;]<\/p>\n","protected":false},"author":2,"featured_media":0,"parent":0,"menu_order":0,"comment_status":"closed","ping_status":"open","template":"elementor_theme","meta":{"footnotes":""},"class_list":["post-39221","page","type-page","status-publish","hentry"],"_links":{"self":[{"href":"https:\/\/skytrack.org\/ro\/wp-json\/wp\/v2\/pages\/39221","targetHints":{"allow":["GET"]}}],"collection":[{"href":"https:\/\/skytrack.org\/ro\/wp-json\/wp\/v2\/pages"}],"about":[{"href":"https:\/\/skytrack.org\/ro\/wp-json\/wp\/v2\/types\/page"}],"author":[{"embeddable":true,"href":"https:\/\/skytrack.org\/ro\/wp-json\/wp\/v2\/users\/2"}],"replies":[{"embeddable":true,"href":"https:\/\/skytrack.org\/ro\/wp-json\/wp\/v2\/comments?post=39221"}],"version-history":[{"count":5,"href":"https:\/\/skytrack.org\/ro\/wp-json\/wp\/v2\/pages\/39221\/revisions"}],"predecessor-version":[{"id":39914,"href":"https:\/\/skytrack.org\/ro\/wp-json\/wp\/v2\/pages\/39221\/revisions\/39914"}],"wp:attachment":[{"href":"https:\/\/skytrack.org\/ro\/wp-json\/wp\/v2\/media?parent=39221"}],"curies":[{"name":"wp","href":"https:\/\/api.w.org\/{rel}","templated":true}]}}