{"id":37868,"date":"2021-11-25T13:18:03","date_gmt":"2021-11-25T11:18:03","guid":{"rendered":"https:\/\/skytrack.org\/skytrack-telematica\/"},"modified":"2023-01-26T12:07:18","modified_gmt":"2023-01-26T10:07:18","slug":"skytrack-telematica","status":"publish","type":"page","link":"https:\/\/skytrack.org\/es\/skytrack-telematica\/","title":{"rendered":"Skytrack Telem\u00e1tica"},"content":{"rendered":"\t\t<div data-elementor-type=\"wp-page\" data-elementor-id=\"37868\" class=\"elementor elementor-37868 elementor-5630\" data-elementor-post-type=\"page\">\n\t\t\t\t\t\t<section class=\"elementor-section elementor-top-section elementor-element elementor-element-dd247bf ot-traditional elementor-section-boxed elementor-section-height-default elementor-section-height-default\" data-id=\"dd247bf\" data-element_type=\"section\">\n\t\t\t\t\t\t<div class=\"elementor-container elementor-column-gap-default\">\n\t\t\t\t\t<div class=\"elementor-column elementor-col-100 elementor-top-column elementor-element elementor-element-1f4e0cb ot-flex-column-vertical\" data-id=\"1f4e0cb\" data-element_type=\"column\">\n\t\t\t<div class=\"elementor-widget-wrap elementor-element-populated\">\n\t\t\t\t\t\t<div class=\"elementor-element elementor-element-cd09ac1 elementor-widget elementor-widget-iheading\" data-id=\"cd09ac1\" data-element_type=\"widget\" data-widget_type=\"iheading.default\">\n\t\t\t\t<div class=\"elementor-widget-container\">\n\t\t\t\t\t\t\t<div class=\"ot-heading\">\r\n\t        \t            <span>\/\/ escaparate<\/span>\r\n\t        <h2 class=\"main-heading\">Skytrack Telem\u00e1tica<\/h2>\t    <\/div>\r\n\t    \t\t\t\t<\/div>\n\t\t\t\t<\/div>\n\t\t\t\t<div class=\"elementor-element elementor-element-0edd787 elementor-widget elementor-widget-text-editor\" data-id=\"0edd787\" data-element_type=\"widget\" data-widget_type=\"text-editor.default\">\n\t\t\t\t<div class=\"elementor-widget-container\">\n\t\t\t\t\t\t\t\t\t<p>Fusionando lo mejor de las telecomunicaciones y la inform\u00e1tica, la telem\u00e1tica ofrece formas \u00fanicas de controlar un veh\u00edculo. Desde motocicletas a camiones pesados, desde un solo coche a enormes flotas: hay una soluci\u00f3n para cada cliente. La telem\u00e1tica es la clave para una gesti\u00f3n eficaz de los recursos, la optimizaci\u00f3n de los costes y la seguridad en toda una serie de sectores.<\/p>\n\t\t\t\t\t\t\t\t<\/div>\n\t\t\t\t<\/div>\n\t\t\t\t<div class=\"elementor-element elementor-element-52770ed elementor-invisible elementor-widget elementor-widget-ipfilter\" data-id=\"52770ed\" data-element_type=\"widget\" data-settings=\"{&quot;_animation&quot;:&quot;fadeInDown&quot;}\" data-widget_type=\"ipfilter.default\">\n\t\t\t\t<div class=\"elementor-widget-container\">\n\t\t\t\t\t\r\n\t\t<div class=\"project-filter-wrapper\">\r\n\t        \r\n\t        <div class=\"projects-grid projects-style-1\">\r\n\t        \t\r\n\t            \r\n\t            \t<div class=\"project-item category-46 \">\r\n\t\t\t\t\t\t<div class=\"projects-box\">\r\n\t\t\t\t\t\t\t<div class=\"projects-thumbnail\">\r\n\t\t\t\t\t\t\t\t<a href=\"https:\/\/skytrack.org\/es\/portfolio\/gestion-de-flotas\/\">\r\n\t\t\t\t\t\t\t\t\t<img fetchpriority=\"high\" decoding=\"async\" width=\"720\" height=\"720\" src=\"https:\/\/skytrack.org\/wp-content\/uploads\/2022\/07\/semi-truck-with-cargo-trailer-driving-on-highway-h-2022-01-31-17-47-35-utc-720x720.jpg\" class=\"attachment-engitech-portfolio-thumbnail-grid size-engitech-portfolio-thumbnail-grid wp-post-image\" alt=\"\" srcset=\"https:\/\/skytrack.org\/wp-content\/uploads\/2022\/07\/semi-truck-with-cargo-trailer-driving-on-highway-h-2022-01-31-17-47-35-utc-720x720.jpg 720w, https:\/\/skytrack.org\/wp-content\/uploads\/2022\/07\/semi-truck-with-cargo-trailer-driving-on-highway-h-2022-01-31-17-47-35-utc-150x150.jpg 150w\" sizes=\"(max-width: 720px) 100vw, 720px\" \/>\t\t\t\t\t\t\t\t<\/a>\r\n\t\t\t\t\t\t\t<\/div>\r\n\t\t\t\t\t\t\t<div class=\"portfolio-info \">\r\n\t\t\t\t\t\t\t\t<a class=\"overlay\" href=\"https:\/\/skytrack.org\/es\/portfolio\/gestion-de-flotas\/\"><\/a>\t\t\t\t\t\t\t\t<div class=\"portfolio-info-inner\">\r\n\t\t\t\t\t\t\t\t\t<h5><a href=\"https:\/\/skytrack.org\/es\/portfolio\/gestion-de-flotas\/\">Gesti\u00f3n de flotas<\/a><\/h5>\r\n\t\t\t\t\t\t\t\t\t \r\n\t\t\t\t\t\t\t\t<\/div>\r\n\t\t\t\t\t\t\t<\/div>\r\n\t\t\t\t\t\t<\/div>\r\n\t\t\t\t\t<\/div>\r\n\r\n\t            \r\n\t            \t<div class=\"project-item category-46 \">\r\n\t\t\t\t\t\t<div class=\"projects-box\">\r\n\t\t\t\t\t\t\t<div class=\"projects-thumbnail\">\r\n\t\t\t\t\t\t\t\t<a href=\"https:\/\/skytrack.org\/es\/portfolio\/coches\/\">\r\n\t\t\t\t\t\t\t\t\t<img decoding=\"async\" width=\"720\" height=\"720\" src=\"https:\/\/skytrack.org\/wp-content\/uploads\/2022\/06\/landscape-with-blue-off-road-car-on-gravel-road-t-2022-01-04-19-49-43-utc-720x720.jpg\" class=\"attachment-engitech-portfolio-thumbnail-grid size-engitech-portfolio-thumbnail-grid wp-post-image\" alt=\"\" srcset=\"https:\/\/skytrack.org\/wp-content\/uploads\/2022\/06\/landscape-with-blue-off-road-car-on-gravel-road-t-2022-01-04-19-49-43-utc-720x720.jpg 720w, https:\/\/skytrack.org\/wp-content\/uploads\/2022\/06\/landscape-with-blue-off-road-car-on-gravel-road-t-2022-01-04-19-49-43-utc-150x150.jpg 150w\" sizes=\"(max-width: 720px) 100vw, 720px\" \/>\t\t\t\t\t\t\t\t<\/a>\r\n\t\t\t\t\t\t\t<\/div>\r\n\t\t\t\t\t\t\t<div class=\"portfolio-info \">\r\n\t\t\t\t\t\t\t\t<a class=\"overlay\" href=\"https:\/\/skytrack.org\/es\/portfolio\/coches\/\"><\/a>\t\t\t\t\t\t\t\t<div class=\"portfolio-info-inner\">\r\n\t\t\t\t\t\t\t\t\t<h5><a href=\"https:\/\/skytrack.org\/es\/portfolio\/coches\/\">Coches<\/a><\/h5>\r\n\t\t\t\t\t\t\t\t\t \r\n\t\t\t\t\t\t\t\t<\/div>\r\n\t\t\t\t\t\t\t<\/div>\r\n\t\t\t\t\t\t<\/div>\r\n\t\t\t\t\t<\/div>\r\n\r\n\t            \r\n\t            \t<div class=\"project-item category-46 \">\r\n\t\t\t\t\t\t<div class=\"projects-box\">\r\n\t\t\t\t\t\t\t<div class=\"projects-thumbnail\">\r\n\t\t\t\t\t\t\t\t<a href=\"https:\/\/skytrack.org\/es\/portfolio\/motos\/\">\r\n\t\t\t\t\t\t\t\t\t<img decoding=\"async\" width=\"720\" height=\"720\" src=\"https:\/\/skytrack.org\/wp-content\/uploads\/2021\/11\/motorcycle-riding-pov-720x720.jpg\" class=\"attachment-engitech-portfolio-thumbnail-grid size-engitech-portfolio-thumbnail-grid wp-post-image\" alt=\"\" srcset=\"https:\/\/skytrack.org\/wp-content\/uploads\/2021\/11\/motorcycle-riding-pov-720x720.jpg 720w, https:\/\/skytrack.org\/wp-content\/uploads\/2021\/11\/motorcycle-riding-pov-150x150.jpg 150w\" sizes=\"(max-width: 720px) 100vw, 720px\" \/>\t\t\t\t\t\t\t\t<\/a>\r\n\t\t\t\t\t\t\t<\/div>\r\n\t\t\t\t\t\t\t<div class=\"portfolio-info \">\r\n\t\t\t\t\t\t\t\t<a class=\"overlay\" href=\"https:\/\/skytrack.org\/es\/portfolio\/motos\/\"><\/a>\t\t\t\t\t\t\t\t<div class=\"portfolio-info-inner\">\r\n\t\t\t\t\t\t\t\t\t<h5><a href=\"https:\/\/skytrack.org\/es\/portfolio\/motos\/\">Motos<\/a><\/h5>\r\n\t\t\t\t\t\t\t\t\t \r\n\t\t\t\t\t\t\t\t<\/div>\r\n\t\t\t\t\t\t\t<\/div>\r\n\t\t\t\t\t\t<\/div>\r\n\t\t\t\t\t<\/div>\r\n\r\n\t            \r\n\t            \t<div class=\"project-item category-46 \">\r\n\t\t\t\t\t\t<div class=\"projects-box\">\r\n\t\t\t\t\t\t\t<div class=\"projects-thumbnail\">\r\n\t\t\t\t\t\t\t\t<a href=\"https:\/\/skytrack.org\/es\/portfolio\/barcos\/\">\r\n\t\t\t\t\t\t\t\t\t<img loading=\"lazy\" decoding=\"async\" width=\"720\" height=\"720\" src=\"https:\/\/skytrack.org\/wp-content\/uploads\/2022\/06\/sailing-yacht-on-the-ocean-2021-09-03-22-58-13-utc-720x720.jpg\" class=\"attachment-engitech-portfolio-thumbnail-grid size-engitech-portfolio-thumbnail-grid wp-post-image\" alt=\"\" srcset=\"https:\/\/skytrack.org\/wp-content\/uploads\/2022\/06\/sailing-yacht-on-the-ocean-2021-09-03-22-58-13-utc-720x720.jpg 720w, https:\/\/skytrack.org\/wp-content\/uploads\/2022\/06\/sailing-yacht-on-the-ocean-2021-09-03-22-58-13-utc-150x150.jpg 150w\" sizes=\"(max-width: 720px) 100vw, 720px\" \/>\t\t\t\t\t\t\t\t<\/a>\r\n\t\t\t\t\t\t\t<\/div>\r\n\t\t\t\t\t\t\t<div class=\"portfolio-info \">\r\n\t\t\t\t\t\t\t\t<a class=\"overlay\" href=\"https:\/\/skytrack.org\/es\/portfolio\/barcos\/\"><\/a>\t\t\t\t\t\t\t\t<div class=\"portfolio-info-inner\">\r\n\t\t\t\t\t\t\t\t\t<h5><a href=\"https:\/\/skytrack.org\/es\/portfolio\/barcos\/\">Barcos<\/a><\/h5>\r\n\t\t\t\t\t\t\t\t\t \r\n\t\t\t\t\t\t\t\t<\/div>\r\n\t\t\t\t\t\t\t<\/div>\r\n\t\t\t\t\t\t<\/div>\r\n\t\t\t\t\t<\/div>\r\n\r\n\t            \r\n\t            \t<div class=\"project-item category-46 \">\r\n\t\t\t\t\t\t<div class=\"projects-box\">\r\n\t\t\t\t\t\t\t<div class=\"projects-thumbnail\">\r\n\t\t\t\t\t\t\t\t<a href=\"https:\/\/skytrack.org\/es\/portfolio\/servicios-publicos\/\">\r\n\t\t\t\t\t\t\t\t\t<img loading=\"lazy\" decoding=\"async\" width=\"720\" height=\"720\" src=\"https:\/\/skytrack.org\/wp-content\/uploads\/2021\/11\/street-sweeper-machine-cleaning-the-streets-720x720.jpg\" class=\"attachment-engitech-portfolio-thumbnail-grid size-engitech-portfolio-thumbnail-grid wp-post-image\" alt=\"\" srcset=\"https:\/\/skytrack.org\/wp-content\/uploads\/2021\/11\/street-sweeper-machine-cleaning-the-streets-720x720.jpg 720w, https:\/\/skytrack.org\/wp-content\/uploads\/2021\/11\/street-sweeper-machine-cleaning-the-streets-150x150.jpg 150w\" sizes=\"(max-width: 720px) 100vw, 720px\" \/>\t\t\t\t\t\t\t\t<\/a>\r\n\t\t\t\t\t\t\t<\/div>\r\n\t\t\t\t\t\t\t<div class=\"portfolio-info \">\r\n\t\t\t\t\t\t\t\t<a class=\"overlay\" href=\"https:\/\/skytrack.org\/es\/portfolio\/servicios-publicos\/\"><\/a>\t\t\t\t\t\t\t\t<div class=\"portfolio-info-inner\">\r\n\t\t\t\t\t\t\t\t\t<h5><a href=\"https:\/\/skytrack.org\/es\/portfolio\/servicios-publicos\/\">Servicios p\u00fablicos<\/a><\/h5>\r\n\t\t\t\t\t\t\t\t\t \r\n\t\t\t\t\t\t\t\t<\/div>\r\n\t\t\t\t\t\t\t<\/div>\r\n\t\t\t\t\t\t<\/div>\r\n\t\t\t\t\t<\/div>\r\n\r\n\t            \r\n\t            \t<div class=\"project-item category-46 \">\r\n\t\t\t\t\t\t<div class=\"projects-box\">\r\n\t\t\t\t\t\t\t<div class=\"projects-thumbnail\">\r\n\t\t\t\t\t\t\t\t<a href=\"https:\/\/skytrack.org\/es\/portfolio\/logistica\/\">\r\n\t\t\t\t\t\t\t\t\t<img loading=\"lazy\" decoding=\"async\" width=\"720\" height=\"720\" src=\"https:\/\/skytrack.org\/wp-content\/uploads\/2021\/11\/logistics1-720x720.jpg\" class=\"attachment-engitech-portfolio-thumbnail-grid size-engitech-portfolio-thumbnail-grid wp-post-image\" alt=\"\" srcset=\"https:\/\/skytrack.org\/wp-content\/uploads\/2021\/11\/logistics1-720x720.jpg 720w, https:\/\/skytrack.org\/wp-content\/uploads\/2021\/11\/logistics1-150x150.jpg 150w\" sizes=\"(max-width: 720px) 100vw, 720px\" \/>\t\t\t\t\t\t\t\t<\/a>\r\n\t\t\t\t\t\t\t<\/div>\r\n\t\t\t\t\t\t\t<div class=\"portfolio-info \">\r\n\t\t\t\t\t\t\t\t<a class=\"overlay\" href=\"https:\/\/skytrack.org\/es\/portfolio\/logistica\/\"><\/a>\t\t\t\t\t\t\t\t<div class=\"portfolio-info-inner\">\r\n\t\t\t\t\t\t\t\t\t<h5><a href=\"https:\/\/skytrack.org\/es\/portfolio\/logistica\/\">Log\u00edstica<\/a><\/h5>\r\n\t\t\t\t\t\t\t\t\t \r\n\t\t\t\t\t\t\t\t<\/div>\r\n\t\t\t\t\t\t\t<\/div>\r\n\t\t\t\t\t\t<\/div>\r\n\t\t\t\t\t<\/div>\r\n\r\n\t            \t        <\/div>\r\n\t    <\/div>\r\n\r\n\t    \t\t\t\t<\/div>\n\t\t\t\t<\/div>\n\t\t\t\t\t<\/div>\n\t\t<\/div>\n\t\t\t\t\t<\/div>\n\t\t<\/section>\n\t\t\t\t<section class=\"elementor-section elementor-top-section elementor-element elementor-element-1d569b8 ot-traditional elementor-section-boxed elementor-section-height-default elementor-section-height-default\" data-id=\"1d569b8\" data-element_type=\"section\">\n\t\t\t\t\t\t<div class=\"elementor-container elementor-column-gap-default\">\n\t\t\t\t\t<div class=\"elementor-column elementor-col-100 elementor-top-column elementor-element elementor-element-de14e3e ot-flex-column-vertical\" data-id=\"de14e3e\" data-element_type=\"column\">\n\t\t\t<div class=\"elementor-widget-wrap elementor-element-populated\">\n\t\t\t\t\t\t<div class=\"elementor-element elementor-element-76b609a elementor-widget elementor-widget-imenu\" data-id=\"76b609a\" data-element_type=\"widget\" data-widget_type=\"imenu.default\">\n\t\t\t\t<div class=\"elementor-widget-container\">\n\t\t\t\t\t\t\t\t<nav id=\"site-navigation\" class=\"main-navigation \">\t\t\t\r\n\t\t\t\t<ul id=\"primary-menu\" class=\"menu\"><li id=\"menu-item-47287\" class=\"menu-item menu-item-type-post_type menu-item-object-page menu-item-home menu-item-47287\"><a href=\"https:\/\/skytrack.org\/home-5\/\">Inicio<\/a><\/li>\n<li id=\"menu-item-2030\" class=\"menu-item menu-item-type-custom menu-item-object-custom menu-item-has-children menu-item-2030\"><a>Company<\/a>\n<ul class=\"sub-menu\">\n\t<li id=\"menu-item-9608\" class=\"menu-item menu-item-type-post_type menu-item-object-page menu-item-9608\"><a href=\"https:\/\/skytrack.org\/about-us\/\">Sobre nosotros<\/a><\/li>\n\t<li id=\"menu-item-2026\" class=\"menu-item menu-item-type-post_type menu-item-object-page menu-item-2026\"><a href=\"https:\/\/skytrack.org\/why-choose-us\/\">Por qu\u00e9 elegirnos<\/a><\/li>\n\t<li id=\"menu-item-2021\" class=\"menu-item menu-item-type-post_type menu-item-object-page menu-item-2021\"><a href=\"https:\/\/skytrack.org\/our-team\/\">Nuestro equipo<\/a><\/li>\n\t<li id=\"menu-item-10898\" class=\"menu-item menu-item-type-post_type menu-item-object-page menu-item-10898\"><a href=\"https:\/\/skytrack.org\/how-it-works\/\">C\u00f3mo funciona<\/a><\/li>\n\t<li id=\"menu-item-9266\" class=\"menu-item menu-item-type-post_type menu-item-object-page menu-item-9266\"><a href=\"https:\/\/skytrack.org\/become-a-partner\/\">H\u00e1gase socio<\/a><\/li>\n\t<li id=\"menu-item-20938\" class=\"menu-item menu-item-type-post_type menu-item-object-page menu-item-20938\"><a href=\"https:\/\/skytrack.org\/newsroom\/\">Sala de prensa<\/a><\/li>\n\t<li id=\"menu-item-11675\" class=\"menu-item menu-item-type-post_type menu-item-object-page menu-item-11675\"><a href=\"https:\/\/skytrack.org\/career\/\">Carrera<\/a><\/li>\n\t<li id=\"menu-item-2019\" class=\"menu-item menu-item-type-post_type menu-item-object-page menu-item-2019\"><a href=\"https:\/\/skytrack.org\/faqs\/\">Preguntas frecuentes<\/a><\/li>\n<\/ul>\n<\/li>\n<li id=\"menu-item-7986\" class=\"menu-item menu-item-type-post_type menu-item-object-page menu-item-7986\"><a href=\"https:\/\/skytrack.org\/features\/\">Caracter\u00edsticas<\/a><\/li>\n<li id=\"menu-item-12667\" class=\"menu-item menu-item-type-custom menu-item-object-custom menu-item-has-children menu-item-12667\"><a>Skytrack Services<\/a>\n<ul class=\"sub-menu\">\n\t<li id=\"menu-item-12670\" class=\"menu-item menu-item-type-post_type menu-item-object-page menu-item-12670\"><a href=\"https:\/\/skytrack.org\/skytrack-telematics\/\">Skytrack Telem\u00e1tica<\/a><\/li>\n\t<li id=\"menu-item-14237\" class=\"menu-item menu-item-type-custom menu-item-object-custom menu-item-14237\"><a href=\"https:\/\/skytrack.org\/skytrack-iot\/\">Skytrack IoT<\/a><\/li>\n\t<li id=\"menu-item-48425\" class=\"menu-item menu-item-type-post_type menu-item-object-page menu-item-48425\"><a href=\"https:\/\/skytrack.org\/es\/skytrack-sim-cards\/\">Skytrack SIM Cards<\/a><\/li>\n<\/ul>\n<\/li>\n<li id=\"menu-item-42317\" class=\"menu-item menu-item-type-post_type menu-item-object-page menu-item-42317\"><a href=\"https:\/\/skytrack.org\/es\/academy\/\">Academy<\/a><\/li>\n<li id=\"menu-item-47461\" class=\"menu-item menu-item-type-post_type menu-item-object-page menu-item-47461\"><a href=\"https:\/\/skytrack.org\/es\/partners-network-2\/\">Partners Network<\/a><\/li>\n<li id=\"menu-item-5497\" class=\"menu-item menu-item-type-post_type menu-item-object-page menu-item-5497\"><a href=\"https:\/\/skytrack.org\/projects\/\">Proyectos<\/a><\/li>\n<li id=\"menu-item-2014\" class=\"menu-item menu-item-type-post_type menu-item-object-page current_page_parent menu-item-2014\"><a href=\"https:\/\/skytrack.org\/blog\/\">Blog<\/a><\/li>\n<li id=\"menu-item-2017\" class=\"menu-item menu-item-type-post_type menu-item-object-page menu-item-2017\"><a href=\"https:\/\/skytrack.org\/contact-us\/\">Contacto<\/a><\/li>\n<li id=\"menu-item-wpml-ls-44-es\" class=\"menu-item wpml-ls-slot-44 wpml-ls-item wpml-ls-item-es wpml-ls-current-language wpml-ls-menu-item wpml-ls-last-item menu-item-type-wpml_ls_menu_item menu-item-object-wpml_ls_menu_item menu-item-has-children menu-item-wpml-ls-44-es\"><a href=\"https:\/\/skytrack.org\/es\/\" title=\"Espa\u00f1ol\"><img decoding=\"async\"\n            class=\"wpml-ls-flag\"\n            src=\"https:\/\/skytrack.org\/wp-content\/plugins\/sitepress-multilingual-cms\/res\/flags\/es.png\"\n            alt=\"\"\n            \n            \n    \/><span class=\"wpml-ls-native\" lang=\"es\">Espa\u00f1ol<\/span><\/a>\n<ul class=\"sub-menu\">\n\t<li id=\"menu-item-wpml-ls-44-en\" class=\"menu-item wpml-ls-slot-44 wpml-ls-item wpml-ls-item-en wpml-ls-menu-item wpml-ls-first-item menu-item-type-wpml_ls_menu_item menu-item-object-wpml_ls_menu_item menu-item-wpml-ls-44-en\"><a href=\"https:\/\/skytrack.org\/\" title=\"Ingl\u00e9s\"><img decoding=\"async\"\n            class=\"wpml-ls-flag\"\n            src=\"https:\/\/skytrack.org\/wp-content\/plugins\/sitepress-multilingual-cms\/res\/flags\/en.png\"\n            alt=\"\"\n            \n            \n    \/><span class=\"wpml-ls-native\" lang=\"en\">English<\/span><span class=\"wpml-ls-display\"><span class=\"wpml-ls-bracket\"> (<\/span>Ingl\u00e9s<span class=\"wpml-ls-bracket\">)<\/span><\/span><\/a><\/li>\n\t<li id=\"menu-item-wpml-ls-44-el\" class=\"menu-item wpml-ls-slot-44 wpml-ls-item wpml-ls-item-el wpml-ls-menu-item menu-item-type-wpml_ls_menu_item menu-item-object-wpml_ls_menu_item menu-item-wpml-ls-44-el\"><a href=\"https:\/\/skytrack.org\/el\/\" title=\"Griego\"><img decoding=\"async\"\n            class=\"wpml-ls-flag\"\n            src=\"https:\/\/skytrack.org\/wp-content\/plugins\/sitepress-multilingual-cms\/res\/flags\/el.png\"\n            alt=\"\"\n            \n            \n    \/><span class=\"wpml-ls-native\" lang=\"el\">\u0395\u03bb\u03bb\u03b7\u03bd\u03b9\u03ba\u03ac<\/span><span class=\"wpml-ls-display\"><span class=\"wpml-ls-bracket\"> (<\/span>Griego<span class=\"wpml-ls-bracket\">)<\/span><\/span><\/a><\/li>\n\t<li id=\"menu-item-wpml-ls-44-bg\" class=\"menu-item wpml-ls-slot-44 wpml-ls-item wpml-ls-item-bg wpml-ls-menu-item menu-item-type-wpml_ls_menu_item menu-item-object-wpml_ls_menu_item menu-item-wpml-ls-44-bg\"><a href=\"https:\/\/skytrack.org\/bg\/\" title=\"B\u00falgaro\"><img decoding=\"async\"\n            class=\"wpml-ls-flag\"\n            src=\"https:\/\/skytrack.org\/wp-content\/plugins\/sitepress-multilingual-cms\/res\/flags\/bg.png\"\n            alt=\"\"\n            \n            \n    \/><span class=\"wpml-ls-native\" lang=\"bg\">\u0411\u044a\u043b\u0433\u0430\u0440\u0441\u043a\u0438<\/span><span class=\"wpml-ls-display\"><span class=\"wpml-ls-bracket\"> (<\/span>B\u00falgaro<span class=\"wpml-ls-bracket\">)<\/span><\/span><\/a><\/li>\n\t<li id=\"menu-item-wpml-ls-44-ro\" class=\"menu-item wpml-ls-slot-44 wpml-ls-item wpml-ls-item-ro wpml-ls-menu-item menu-item-type-wpml_ls_menu_item menu-item-object-wpml_ls_menu_item menu-item-wpml-ls-44-ro\"><a href=\"https:\/\/skytrack.org\/ro\/\" title=\"Rumano\"><img decoding=\"async\"\n            class=\"wpml-ls-flag\"\n            src=\"https:\/\/skytrack.org\/wp-content\/plugins\/sitepress-multilingual-cms\/res\/flags\/ro.png\"\n            alt=\"\"\n            \n            \n    \/><span class=\"wpml-ls-native\" lang=\"ro\">Rom\u00e2n\u0103<\/span><span class=\"wpml-ls-display\"><span class=\"wpml-ls-bracket\"> (<\/span>Rumano<span class=\"wpml-ls-bracket\">)<\/span><\/span><\/a><\/li>\n\t<li id=\"menu-item-wpml-ls-44-cs\" class=\"menu-item wpml-ls-slot-44 wpml-ls-item wpml-ls-item-cs wpml-ls-menu-item menu-item-type-wpml_ls_menu_item menu-item-object-wpml_ls_menu_item menu-item-wpml-ls-44-cs\"><a href=\"https:\/\/skytrack.org\/cs\/\" title=\"Checo\"><img decoding=\"async\"\n            class=\"wpml-ls-flag\"\n            src=\"https:\/\/skytrack.org\/wp-content\/plugins\/sitepress-multilingual-cms\/res\/flags\/cs.png\"\n            alt=\"\"\n            \n            \n    \/><span class=\"wpml-ls-native\" lang=\"cs\">\u010ce\u0161tina<\/span><span class=\"wpml-ls-display\"><span class=\"wpml-ls-bracket\"> (<\/span>Checo<span class=\"wpml-ls-bracket\">)<\/span><\/span><\/a><\/li>\n\t<li id=\"menu-item-wpml-ls-44-it\" class=\"menu-item wpml-ls-slot-44 wpml-ls-item wpml-ls-item-it wpml-ls-menu-item menu-item-type-wpml_ls_menu_item menu-item-object-wpml_ls_menu_item menu-item-wpml-ls-44-it\"><a href=\"https:\/\/skytrack.org\/it\/\" title=\"Italiano\"><img decoding=\"async\"\n            class=\"wpml-ls-flag\"\n            src=\"https:\/\/skytrack.org\/wp-content\/plugins\/sitepress-multilingual-cms\/res\/flags\/it.png\"\n            alt=\"\"\n            \n            \n    \/><span class=\"wpml-ls-native\" lang=\"it\">Italiano<\/span><\/a><\/li>\n<\/ul>\n<\/li>\n<\/ul>\t\t\t<\/nav>\r\n\t    \t\t\t\t<\/div>\n\t\t\t\t<\/div>\n\t\t\t\t\t<\/div>\n\t\t<\/div>\n\t\t\t\t\t<\/div>\n\t\t<\/section>\n\t\t\t\t<\/div>\n\t\t","protected":false},"excerpt":{"rendered":"<p>\/\/ escaparate Skytrack Telem\u00e1tica Fusionando lo mejor de las telecomunicaciones y la inform\u00e1tica, la telem\u00e1tica ofrece formas \u00fanicas de controlar un veh\u00edculo. Desde motocicletas a camiones pesados, desde un solo coche a enormes flotas: hay una soluci\u00f3n para cada cliente. La telem\u00e1tica es la clave para una gesti\u00f3n eficaz de los recursos, la optimizaci\u00f3n de [&hellip;]<\/p>\n","protected":false},"author":2,"featured_media":0,"parent":0,"menu_order":0,"comment_status":"closed","ping_status":"open","template":"elementor_theme","meta":{"footnotes":""},"class_list":["post-37868","page","type-page","status-publish","hentry"],"_links":{"self":[{"href":"https:\/\/skytrack.org\/es\/wp-json\/wp\/v2\/pages\/37868","targetHints":{"allow":["GET"]}}],"collection":[{"href":"https:\/\/skytrack.org\/es\/wp-json\/wp\/v2\/pages"}],"about":[{"href":"https:\/\/skytrack.org\/es\/wp-json\/wp\/v2\/types\/page"}],"author":[{"embeddable":true,"href":"https:\/\/skytrack.org\/es\/wp-json\/wp\/v2\/users\/2"}],"replies":[{"embeddable":true,"href":"https:\/\/skytrack.org\/es\/wp-json\/wp\/v2\/comments?post=37868"}],"version-history":[{"count":5,"href":"https:\/\/skytrack.org\/es\/wp-json\/wp\/v2\/pages\/37868\/revisions"}],"predecessor-version":[{"id":38273,"href":"https:\/\/skytrack.org\/es\/wp-json\/wp\/v2\/pages\/37868\/revisions\/38273"}],"wp:attachment":[{"href":"https:\/\/skytrack.org\/es\/wp-json\/wp\/v2\/media?parent=37868"}],"curies":[{"name":"wp","href":"https:\/\/api.w.org\/{rel}","templated":true}]}}