{"id":37858,"date":"2020-02-07T03:55:57","date_gmt":"2020-02-07T01:55:57","guid":{"rendered":"https:\/\/skytrack.org\/proyectos\/"},"modified":"2023-06-08T14:24:43","modified_gmt":"2023-06-08T12:24:43","slug":"proyectos","status":"publish","type":"page","link":"https:\/\/skytrack.org\/es\/proyectos\/","title":{"rendered":"Proyectos"},"content":{"rendered":"\t\t<div data-elementor-type=\"wp-page\" data-elementor-id=\"37858\" class=\"elementor elementor-37858 elementor-2036\" data-elementor-post-type=\"page\">\n\t\t\t\t\t\t<section class=\"elementor-section elementor-top-section elementor-element elementor-element-e5a221d ot-traditional elementor-section-boxed elementor-section-height-default elementor-section-height-default\" data-id=\"e5a221d\" data-element_type=\"section\">\n\t\t\t\t\t\t<div class=\"elementor-container elementor-column-gap-default\">\n\t\t\t\t\t<div class=\"elementor-column elementor-col-100 elementor-top-column elementor-element elementor-element-6786db7 ot-flex-column-vertical\" data-id=\"6786db7\" data-element_type=\"column\">\n\t\t\t<div class=\"elementor-widget-wrap elementor-element-populated\">\n\t\t\t\t\t\t<section class=\"elementor-section elementor-inner-section elementor-element elementor-element-5565abd elementor-section-content-bottom ot-traditional elementor-section-boxed elementor-section-height-default elementor-section-height-default\" data-id=\"5565abd\" data-element_type=\"section\">\n\t\t\t\t\t\t<div class=\"elementor-container elementor-column-gap-extended\">\n\t\t\t\t\t<div class=\"elementor-column elementor-col-100 elementor-inner-column elementor-element elementor-element-56a6663 ot-flex-column-vertical\" data-id=\"56a6663\" data-element_type=\"column\">\n\t\t\t<div class=\"elementor-widget-wrap elementor-element-populated\">\n\t\t\t\t\t\t<div class=\"elementor-element elementor-element-bdf6e81 elementor-widget elementor-widget-iheading\" data-id=\"bdf6e81\" data-element_type=\"widget\" data-widget_type=\"iheading.default\">\n\t\t\t\t<div class=\"elementor-widget-container\">\n\t\t\t\t\t\t\t<div class=\"ot-heading\">\r\n\t        \t            <span>\/\/  proyectos de seguimiento a\u00e9reo<\/span>\r\n\t        <h1 class=\"main-heading\">\nPresentamos nuestros proyectos:<\/h1>\t    <\/div>\r\n\t    \t\t\t\t<\/div>\n\t\t\t\t<\/div>\n\t\t\t\t\t<\/div>\n\t\t<\/div>\n\t\t\t\t\t<\/div>\n\t\t<\/section>\n\t\t\t\t\t<\/div>\n\t\t<\/div>\n\t\t\t\t\t<\/div>\n\t\t<\/section>\n\t\t\t\t<section class=\"elementor-section elementor-top-section elementor-element elementor-element-f318ae0 ot-layout_block elementor-section-boxed elementor-section-height-default elementor-section-height-default\" data-id=\"f318ae0\" data-element_type=\"section\">\n\t\t\t\t\t\t<div class=\"elementor-container elementor-column-gap-default\">\n\t\t\t\t\t<div class=\"elementor-column elementor-col-100 elementor-top-column elementor-element elementor-element-82a8115 ot-flex-column-vertical\" data-id=\"82a8115\" data-element_type=\"column\">\n\t\t\t<div class=\"elementor-widget-wrap elementor-element-populated\">\n\t\t\t\t\t\t<div class=\"elementor-element elementor-element-601c2a2 elementor-widget elementor-widget-irprojects\" data-id=\"601c2a2\" data-element_type=\"widget\" data-widget_type=\"irprojects.default\">\n\t\t\t\t<div class=\"elementor-widget-container\">\n\t\t\t\t\t\t\t<div class=\"project-slider\" data-center=\"true\" data-show=\"2\" data-scroll=\"1\" data-arrow=\"true\" data-dots=\"false\">\r\n\t\t\t\t\t\t<div class=\"project-item projects-style-2\">\r\n\t\t\t\t<div class=\"projects-box\">\r\n\t\t\t\t\t<div class=\"projects-thumbnail\">\r\n\t\t\t\t\t\t<a href=\"https:\/\/skytrack.org\/es\/portfolio\/pindos\/\">\r\n\t\t\t\t\t\t\t<img fetchpriority=\"high\" decoding=\"async\" width=\"400\" height=\"400\" src=\"https:\/\/skytrack.org\/wp-content\/uploads\/2022\/07\/\u039a\u03b1\u03c4\u03b1\u03b3\u03c1\u03b1\u03c6\u03ae.jpg\" class=\"attachment-engitech-portfolio-thumbnail-carousel size-engitech-portfolio-thumbnail-carousel wp-post-image\" alt=\"\" srcset=\"https:\/\/skytrack.org\/wp-content\/uploads\/2022\/07\/\u039a\u03b1\u03c4\u03b1\u03b3\u03c1\u03b1\u03c6\u03ae.jpg 400w, https:\/\/skytrack.org\/wp-content\/uploads\/2022\/07\/\u039a\u03b1\u03c4\u03b1\u03b3\u03c1\u03b1\u03c6\u03ae-300x300.jpg 300w, https:\/\/skytrack.org\/wp-content\/uploads\/2022\/07\/\u039a\u03b1\u03c4\u03b1\u03b3\u03c1\u03b1\u03c6\u03ae-150x150.jpg 150w\" sizes=\"(max-width: 400px) 100vw, 400px\" \/>\t\t\t\t\t\t\t<span class=\"overlay\"><\/span>\r\n\t\t\t\t\t\t<\/a>\r\n\t\t\t\t\t<\/div>\r\n\t\t\t\t\t<div class=\"portfolio-info \">\r\n\t\t\t\t\t\t<div class=\"portfolio-info-inner\">\r\n\t\t\t\t\t\t\t<a class=\"btn-link\" href=\"https:\/\/skytrack.org\/es\/portfolio\/pindos\/\"><i class=\"flaticon-right-arrow-1\"><\/i><\/a>\r\n\t\t\t\t\t\t\t<h5><a href=\"https:\/\/skytrack.org\/es\/portfolio\/pindos\/\">Pindos<\/a><\/h5>\r\n\t\t\t\t\t\t\t \r\n\t\t\t\t\t\t<\/div>\r\n\t\t\t\t\t<\/div>\r\n\t\t\t\t<\/div>\r\n\t\t\t<\/div>\r\n\r\n\t\t\t\t\t\t<div class=\"project-item projects-style-2\">\r\n\t\t\t\t<div class=\"projects-box\">\r\n\t\t\t\t\t<div class=\"projects-thumbnail\">\r\n\t\t\t\t\t\t<a href=\"https:\/\/skytrack.org\/es\/portfolio\/taxi\/\">\r\n\t\t\t\t\t\t\t<img decoding=\"async\" width=\"400\" height=\"400\" src=\"https:\/\/skytrack.org\/wp-content\/uploads\/2022\/01\/taxi03.jpg\" class=\"attachment-engitech-portfolio-thumbnail-carousel size-engitech-portfolio-thumbnail-carousel wp-post-image\" alt=\"\" srcset=\"https:\/\/skytrack.org\/wp-content\/uploads\/2022\/01\/taxi03.jpg 400w, https:\/\/skytrack.org\/wp-content\/uploads\/2022\/01\/taxi03-300x300.jpg 300w, https:\/\/skytrack.org\/wp-content\/uploads\/2022\/01\/taxi03-150x150.jpg 150w\" sizes=\"(max-width: 400px) 100vw, 400px\" \/>\t\t\t\t\t\t\t<span class=\"overlay\"><\/span>\r\n\t\t\t\t\t\t<\/a>\r\n\t\t\t\t\t<\/div>\r\n\t\t\t\t\t<div class=\"portfolio-info \">\r\n\t\t\t\t\t\t<div class=\"portfolio-info-inner\">\r\n\t\t\t\t\t\t\t<a class=\"btn-link\" href=\"https:\/\/skytrack.org\/es\/portfolio\/taxi\/\"><i class=\"flaticon-right-arrow-1\"><\/i><\/a>\r\n\t\t\t\t\t\t\t<h5><a href=\"https:\/\/skytrack.org\/es\/portfolio\/taxi\/\">Taxi<\/a><\/h5>\r\n\t\t\t\t\t\t\t \r\n\t\t\t\t\t\t<\/div>\r\n\t\t\t\t\t<\/div>\r\n\t\t\t\t<\/div>\r\n\t\t\t<\/div>\r\n\r\n\t\t\t\t\t\t<div class=\"project-item projects-style-2\">\r\n\t\t\t\t<div class=\"projects-box\">\r\n\t\t\t\t\t<div class=\"projects-thumbnail\">\r\n\t\t\t\t\t\t<a href=\"https:\/\/skytrack.org\/es\/portfolio\/fedex\/\">\r\n\t\t\t\t\t\t\t<img decoding=\"async\" width=\"400\" height=\"400\" src=\"https:\/\/skytrack.org\/wp-content\/uploads\/2022\/05\/fedex_white_small.jpg\" class=\"attachment-engitech-portfolio-thumbnail-carousel size-engitech-portfolio-thumbnail-carousel wp-post-image\" alt=\"\" srcset=\"https:\/\/skytrack.org\/wp-content\/uploads\/2022\/05\/fedex_white_small.jpg 400w, https:\/\/skytrack.org\/wp-content\/uploads\/2022\/05\/fedex_white_small-300x300.jpg 300w, https:\/\/skytrack.org\/wp-content\/uploads\/2022\/05\/fedex_white_small-150x150.jpg 150w\" sizes=\"(max-width: 400px) 100vw, 400px\" \/>\t\t\t\t\t\t\t<span class=\"overlay\"><\/span>\r\n\t\t\t\t\t\t<\/a>\r\n\t\t\t\t\t<\/div>\r\n\t\t\t\t\t<div class=\"portfolio-info \">\r\n\t\t\t\t\t\t<div class=\"portfolio-info-inner\">\r\n\t\t\t\t\t\t\t<a class=\"btn-link\" href=\"https:\/\/skytrack.org\/es\/portfolio\/fedex\/\"><i class=\"flaticon-right-arrow-1\"><\/i><\/a>\r\n\t\t\t\t\t\t\t<h5><a href=\"https:\/\/skytrack.org\/es\/portfolio\/fedex\/\">Fedex<\/a><\/h5>\r\n\t\t\t\t\t\t\t \r\n\t\t\t\t\t\t<\/div>\r\n\t\t\t\t\t<\/div>\r\n\t\t\t\t<\/div>\r\n\t\t\t<\/div>\r\n\r\n\t\t\t\t\t\t<div class=\"project-item projects-style-2\">\r\n\t\t\t\t<div class=\"projects-box\">\r\n\t\t\t\t\t<div class=\"projects-thumbnail\">\r\n\t\t\t\t\t\t<a href=\"https:\/\/skytrack.org\/es\/portfolio\/paspaliaris\/\">\r\n\t\t\t\t\t\t\t<img loading=\"lazy\" decoding=\"async\" width=\"400\" height=\"400\" src=\"https:\/\/skytrack.org\/wp-content\/uploads\/2022\/04\/logo-paspaliaris2.png\" class=\"attachment-engitech-portfolio-thumbnail-carousel size-engitech-portfolio-thumbnail-carousel wp-post-image\" alt=\"\" srcset=\"https:\/\/skytrack.org\/wp-content\/uploads\/2022\/04\/logo-paspaliaris2.png 400w, https:\/\/skytrack.org\/wp-content\/uploads\/2022\/04\/logo-paspaliaris2-300x300.png 300w, https:\/\/skytrack.org\/wp-content\/uploads\/2022\/04\/logo-paspaliaris2-150x150.png 150w\" sizes=\"(max-width: 400px) 100vw, 400px\" \/>\t\t\t\t\t\t\t<span class=\"overlay\"><\/span>\r\n\t\t\t\t\t\t<\/a>\r\n\t\t\t\t\t<\/div>\r\n\t\t\t\t\t<div class=\"portfolio-info \">\r\n\t\t\t\t\t\t<div class=\"portfolio-info-inner\">\r\n\t\t\t\t\t\t\t<a class=\"btn-link\" href=\"https:\/\/skytrack.org\/es\/portfolio\/paspaliaris\/\"><i class=\"flaticon-right-arrow-1\"><\/i><\/a>\r\n\t\t\t\t\t\t\t<h5><a href=\"https:\/\/skytrack.org\/es\/portfolio\/paspaliaris\/\">Paspaliaris<\/a><\/h5>\r\n\t\t\t\t\t\t\t \r\n\t\t\t\t\t\t<\/div>\r\n\t\t\t\t\t<\/div>\r\n\t\t\t\t<\/div>\r\n\t\t\t<\/div>\r\n\r\n\t\t\t\t\t\t<div class=\"project-item projects-style-2\">\r\n\t\t\t\t<div class=\"projects-box\">\r\n\t\t\t\t\t<div class=\"projects-thumbnail\">\r\n\t\t\t\t\t\t<a href=\"https:\/\/skytrack.org\/es\/portfolio\/malamatina\/\">\r\n\t\t\t\t\t\t\t<img loading=\"lazy\" decoding=\"async\" width=\"400\" height=\"400\" src=\"https:\/\/skytrack.org\/wp-content\/uploads\/2022\/03\/logo-malamatina2.png\" class=\"attachment-engitech-portfolio-thumbnail-carousel size-engitech-portfolio-thumbnail-carousel wp-post-image\" alt=\"\" srcset=\"https:\/\/skytrack.org\/wp-content\/uploads\/2022\/03\/logo-malamatina2.png 400w, https:\/\/skytrack.org\/wp-content\/uploads\/2022\/03\/logo-malamatina2-300x300.png 300w, https:\/\/skytrack.org\/wp-content\/uploads\/2022\/03\/logo-malamatina2-150x150.png 150w\" sizes=\"(max-width: 400px) 100vw, 400px\" \/>\t\t\t\t\t\t\t<span class=\"overlay\"><\/span>\r\n\t\t\t\t\t\t<\/a>\r\n\t\t\t\t\t<\/div>\r\n\t\t\t\t\t<div class=\"portfolio-info \">\r\n\t\t\t\t\t\t<div class=\"portfolio-info-inner\">\r\n\t\t\t\t\t\t\t<a class=\"btn-link\" href=\"https:\/\/skytrack.org\/es\/portfolio\/malamatina\/\"><i class=\"flaticon-right-arrow-1\"><\/i><\/a>\r\n\t\t\t\t\t\t\t<h5><a href=\"https:\/\/skytrack.org\/es\/portfolio\/malamatina\/\">Malamatina<\/a><\/h5>\r\n\t\t\t\t\t\t\t \r\n\t\t\t\t\t\t<\/div>\r\n\t\t\t\t\t<\/div>\r\n\t\t\t\t<\/div>\r\n\t\t\t<\/div>\r\n\r\n\t\t\t\t\t\t<div class=\"project-item projects-style-2\">\r\n\t\t\t\t<div class=\"projects-box\">\r\n\t\t\t\t\t<div class=\"projects-thumbnail\">\r\n\t\t\t\t\t\t<a href=\"https:\/\/skytrack.org\/es\/portfolio\/stathis\/\">\r\n\t\t\t\t\t\t\t<img loading=\"lazy\" decoding=\"async\" width=\"400\" height=\"399\" src=\"https:\/\/skytrack.org\/wp-content\/uploads\/2022\/02\/logo-projects-stathis.png\" class=\"attachment-engitech-portfolio-thumbnail-carousel size-engitech-portfolio-thumbnail-carousel wp-post-image\" alt=\"\" srcset=\"https:\/\/skytrack.org\/wp-content\/uploads\/2022\/02\/logo-projects-stathis.png 400w, https:\/\/skytrack.org\/wp-content\/uploads\/2022\/02\/logo-projects-stathis-300x300.png 300w, https:\/\/skytrack.org\/wp-content\/uploads\/2022\/02\/logo-projects-stathis-150x150.png 150w\" sizes=\"(max-width: 400px) 100vw, 400px\" \/>\t\t\t\t\t\t\t<span class=\"overlay\"><\/span>\r\n\t\t\t\t\t\t<\/a>\r\n\t\t\t\t\t<\/div>\r\n\t\t\t\t\t<div class=\"portfolio-info \">\r\n\t\t\t\t\t\t<div class=\"portfolio-info-inner\">\r\n\t\t\t\t\t\t\t<a class=\"btn-link\" href=\"https:\/\/skytrack.org\/es\/portfolio\/stathis\/\"><i class=\"flaticon-right-arrow-1\"><\/i><\/a>\r\n\t\t\t\t\t\t\t<h5><a href=\"https:\/\/skytrack.org\/es\/portfolio\/stathis\/\">Stathis<\/a><\/h5>\r\n\t\t\t\t\t\t\t \r\n\t\t\t\t\t\t<\/div>\r\n\t\t\t\t\t<\/div>\r\n\t\t\t\t<\/div>\r\n\t\t\t<\/div>\r\n\r\n\t\t\t\t    <\/div>\r\n\t    \t\t\t\t<\/div>\n\t\t\t\t<\/div>\n\t\t\t\t\t<\/div>\n\t\t<\/div>\n\t\t\t\t\t<\/div>\n\t\t<\/section>\n\t\t\t\t<section class=\"elementor-section elementor-top-section elementor-element elementor-element-e94662e ot-traditional elementor-section-boxed elementor-section-height-default elementor-section-height-default\" data-id=\"e94662e\" data-element_type=\"section\">\n\t\t\t\t\t\t<div class=\"elementor-container elementor-column-gap-default\">\n\t\t\t\t\t<div class=\"elementor-column elementor-col-100 elementor-top-column elementor-element elementor-element-df78b5e ot-flex-column-vertical\" data-id=\"df78b5e\" data-element_type=\"column\">\n\t\t\t<div class=\"elementor-widget-wrap elementor-element-populated\">\n\t\t\t\t\t\t<div class=\"elementor-element elementor-element-1f99002 elementor-widget-divider--view-line elementor-widget elementor-widget-divider\" data-id=\"1f99002\" data-element_type=\"widget\" data-widget_type=\"divider.default\">\n\t\t\t\t<div class=\"elementor-widget-container\">\n\t\t\t\t\t\t\t<div class=\"elementor-divider\">\n\t\t\t<span class=\"elementor-divider-separator\">\n\t\t\t\t\t\t<\/span>\n\t\t<\/div>\n\t\t\t\t\t\t<\/div>\n\t\t\t\t<\/div>\n\t\t\t\t<div class=\"elementor-element elementor-element-2ad92b5 elementor-widget elementor-widget-heading\" data-id=\"2ad92b5\" data-element_type=\"widget\" data-widget_type=\"heading.default\">\n\t\t\t\t<div class=\"elementor-widget-container\">\n\t\t\t\t\t<h2 class=\"elementor-heading-title elementor-size-default\">Compruebe tambi\u00e9n estos tipos de solicitud: <\/h2>\t\t\t\t<\/div>\n\t\t\t\t<\/div>\n\t\t\t\t<div class=\"elementor-element elementor-element-8de1d18 elementor-widget elementor-widget-spacer\" data-id=\"8de1d18\" data-element_type=\"widget\" data-widget_type=\"spacer.default\">\n\t\t\t\t<div class=\"elementor-widget-container\">\n\t\t\t\t\t\t\t<div class=\"elementor-spacer\">\n\t\t\t<div class=\"elementor-spacer-inner\"><\/div>\n\t\t<\/div>\n\t\t\t\t\t\t<\/div>\n\t\t\t\t<\/div>\n\t\t\t\t<div class=\"elementor-element elementor-element-7bd6d9a elementor-widget elementor-widget-irprojects\" data-id=\"7bd6d9a\" data-element_type=\"widget\" data-widget_type=\"irprojects.default\">\n\t\t\t\t<div class=\"elementor-widget-container\">\n\t\t\t\t\t\t\t<div class=\"project-slider\" data-center=\"true\" data-show=\"2\" data-scroll=\"1\" data-arrow=\"true\" data-dots=\"false\">\r\n\t\t\t\t\t\t<div class=\"project-item projects-style-2\">\r\n\t\t\t\t<div class=\"projects-box\">\r\n\t\t\t\t\t<div class=\"projects-thumbnail\">\r\n\t\t\t\t\t\t<a href=\"https:\/\/skytrack.org\/es\/portfolio\/gestion-de-flotas\/\">\r\n\t\t\t\t\t\t\t<img loading=\"lazy\" decoding=\"async\" width=\"720\" height=\"520\" src=\"https:\/\/skytrack.org\/wp-content\/uploads\/2022\/07\/semi-truck-with-cargo-trailer-driving-on-highway-h-2022-01-31-17-47-35-utc-720x520.jpg\" class=\"attachment-engitech-portfolio-thumbnail-carousel size-engitech-portfolio-thumbnail-carousel wp-post-image\" alt=\"\" \/>\t\t\t\t\t\t\t<span class=\"overlay\"><\/span>\r\n\t\t\t\t\t\t<\/a>\r\n\t\t\t\t\t<\/div>\r\n\t\t\t\t\t<div class=\"portfolio-info \">\r\n\t\t\t\t\t\t<div class=\"portfolio-info-inner\">\r\n\t\t\t\t\t\t\t<a class=\"btn-link\" href=\"https:\/\/skytrack.org\/es\/portfolio\/gestion-de-flotas\/\"><i class=\"flaticon-right-arrow-1\"><\/i><\/a>\r\n\t\t\t\t\t\t\t<h5><a href=\"https:\/\/skytrack.org\/es\/portfolio\/gestion-de-flotas\/\">Gesti\u00f3n de flotas<\/a><\/h5>\r\n\t\t\t\t\t\t\t \r\n\t\t\t\t\t\t<\/div>\r\n\t\t\t\t\t<\/div>\r\n\t\t\t\t<\/div>\r\n\t\t\t<\/div>\r\n\r\n\t\t\t\t\t\t<div class=\"project-item projects-style-2\">\r\n\t\t\t\t<div class=\"projects-box\">\r\n\t\t\t\t\t<div class=\"projects-thumbnail\">\r\n\t\t\t\t\t\t<a href=\"https:\/\/skytrack.org\/es\/portfolio\/coches\/\">\r\n\t\t\t\t\t\t\t<img loading=\"lazy\" decoding=\"async\" width=\"720\" height=\"520\" src=\"https:\/\/skytrack.org\/wp-content\/uploads\/2022\/06\/landscape-with-blue-off-road-car-on-gravel-road-t-2022-01-04-19-49-43-utc-720x520.jpg\" class=\"attachment-engitech-portfolio-thumbnail-carousel size-engitech-portfolio-thumbnail-carousel wp-post-image\" alt=\"\" \/>\t\t\t\t\t\t\t<span class=\"overlay\"><\/span>\r\n\t\t\t\t\t\t<\/a>\r\n\t\t\t\t\t<\/div>\r\n\t\t\t\t\t<div class=\"portfolio-info \">\r\n\t\t\t\t\t\t<div class=\"portfolio-info-inner\">\r\n\t\t\t\t\t\t\t<a class=\"btn-link\" href=\"https:\/\/skytrack.org\/es\/portfolio\/coches\/\"><i class=\"flaticon-right-arrow-1\"><\/i><\/a>\r\n\t\t\t\t\t\t\t<h5><a href=\"https:\/\/skytrack.org\/es\/portfolio\/coches\/\">Coches<\/a><\/h5>\r\n\t\t\t\t\t\t\t \r\n\t\t\t\t\t\t<\/div>\r\n\t\t\t\t\t<\/div>\r\n\t\t\t\t<\/div>\r\n\t\t\t<\/div>\r\n\r\n\t\t\t\t\t\t<div class=\"project-item projects-style-2\">\r\n\t\t\t\t<div class=\"projects-box\">\r\n\t\t\t\t\t<div class=\"projects-thumbnail\">\r\n\t\t\t\t\t\t<a href=\"https:\/\/skytrack.org\/es\/portfolio\/motos\/\">\r\n\t\t\t\t\t\t\t<img loading=\"lazy\" decoding=\"async\" width=\"720\" height=\"520\" src=\"https:\/\/skytrack.org\/wp-content\/uploads\/2021\/11\/motorcycle-riding-pov-720x520.jpg\" class=\"attachment-engitech-portfolio-thumbnail-carousel size-engitech-portfolio-thumbnail-carousel wp-post-image\" alt=\"\" \/>\t\t\t\t\t\t\t<span class=\"overlay\"><\/span>\r\n\t\t\t\t\t\t<\/a>\r\n\t\t\t\t\t<\/div>\r\n\t\t\t\t\t<div class=\"portfolio-info \">\r\n\t\t\t\t\t\t<div class=\"portfolio-info-inner\">\r\n\t\t\t\t\t\t\t<a class=\"btn-link\" href=\"https:\/\/skytrack.org\/es\/portfolio\/motos\/\"><i class=\"flaticon-right-arrow-1\"><\/i><\/a>\r\n\t\t\t\t\t\t\t<h5><a href=\"https:\/\/skytrack.org\/es\/portfolio\/motos\/\">Motos<\/a><\/h5>\r\n\t\t\t\t\t\t\t \r\n\t\t\t\t\t\t<\/div>\r\n\t\t\t\t\t<\/div>\r\n\t\t\t\t<\/div>\r\n\t\t\t<\/div>\r\n\r\n\t\t\t\t\t\t<div class=\"project-item projects-style-2\">\r\n\t\t\t\t<div class=\"projects-box\">\r\n\t\t\t\t\t<div class=\"projects-thumbnail\">\r\n\t\t\t\t\t\t<a href=\"https:\/\/skytrack.org\/es\/portfolio\/barcos\/\">\r\n\t\t\t\t\t\t\t<img loading=\"lazy\" decoding=\"async\" width=\"720\" height=\"520\" src=\"https:\/\/skytrack.org\/wp-content\/uploads\/2022\/06\/sailing-yacht-on-the-ocean-2021-09-03-22-58-13-utc-720x520.jpg\" class=\"attachment-engitech-portfolio-thumbnail-carousel size-engitech-portfolio-thumbnail-carousel wp-post-image\" alt=\"\" \/>\t\t\t\t\t\t\t<span class=\"overlay\"><\/span>\r\n\t\t\t\t\t\t<\/a>\r\n\t\t\t\t\t<\/div>\r\n\t\t\t\t\t<div class=\"portfolio-info \">\r\n\t\t\t\t\t\t<div class=\"portfolio-info-inner\">\r\n\t\t\t\t\t\t\t<a class=\"btn-link\" href=\"https:\/\/skytrack.org\/es\/portfolio\/barcos\/\"><i class=\"flaticon-right-arrow-1\"><\/i><\/a>\r\n\t\t\t\t\t\t\t<h5><a href=\"https:\/\/skytrack.org\/es\/portfolio\/barcos\/\">Barcos<\/a><\/h5>\r\n\t\t\t\t\t\t\t \r\n\t\t\t\t\t\t<\/div>\r\n\t\t\t\t\t<\/div>\r\n\t\t\t\t<\/div>\r\n\t\t\t<\/div>\r\n\r\n\t\t\t\t\t\t<div class=\"project-item projects-style-2\">\r\n\t\t\t\t<div class=\"projects-box\">\r\n\t\t\t\t\t<div class=\"projects-thumbnail\">\r\n\t\t\t\t\t\t<a href=\"https:\/\/skytrack.org\/es\/portfolio\/servicios-publicos\/\">\r\n\t\t\t\t\t\t\t<img loading=\"lazy\" decoding=\"async\" width=\"720\" height=\"520\" src=\"https:\/\/skytrack.org\/wp-content\/uploads\/2021\/11\/street-sweeper-machine-cleaning-the-streets-720x520.jpg\" class=\"attachment-engitech-portfolio-thumbnail-carousel size-engitech-portfolio-thumbnail-carousel wp-post-image\" alt=\"\" \/>\t\t\t\t\t\t\t<span class=\"overlay\"><\/span>\r\n\t\t\t\t\t\t<\/a>\r\n\t\t\t\t\t<\/div>\r\n\t\t\t\t\t<div class=\"portfolio-info \">\r\n\t\t\t\t\t\t<div class=\"portfolio-info-inner\">\r\n\t\t\t\t\t\t\t<a class=\"btn-link\" href=\"https:\/\/skytrack.org\/es\/portfolio\/servicios-publicos\/\"><i class=\"flaticon-right-arrow-1\"><\/i><\/a>\r\n\t\t\t\t\t\t\t<h5><a href=\"https:\/\/skytrack.org\/es\/portfolio\/servicios-publicos\/\">Servicios p\u00fablicos<\/a><\/h5>\r\n\t\t\t\t\t\t\t \r\n\t\t\t\t\t\t<\/div>\r\n\t\t\t\t\t<\/div>\r\n\t\t\t\t<\/div>\r\n\t\t\t<\/div>\r\n\r\n\t\t\t\t\t\t<div class=\"project-item projects-style-2\">\r\n\t\t\t\t<div class=\"projects-box\">\r\n\t\t\t\t\t<div class=\"projects-thumbnail\">\r\n\t\t\t\t\t\t<a href=\"https:\/\/skytrack.org\/es\/portfolio\/logistica\/\">\r\n\t\t\t\t\t\t\t<img loading=\"lazy\" decoding=\"async\" width=\"720\" height=\"520\" src=\"https:\/\/skytrack.org\/wp-content\/uploads\/2021\/11\/logistics1-720x520.jpg\" class=\"attachment-engitech-portfolio-thumbnail-carousel size-engitech-portfolio-thumbnail-carousel wp-post-image\" alt=\"\" \/>\t\t\t\t\t\t\t<span class=\"overlay\"><\/span>\r\n\t\t\t\t\t\t<\/a>\r\n\t\t\t\t\t<\/div>\r\n\t\t\t\t\t<div class=\"portfolio-info \">\r\n\t\t\t\t\t\t<div class=\"portfolio-info-inner\">\r\n\t\t\t\t\t\t\t<a class=\"btn-link\" href=\"https:\/\/skytrack.org\/es\/portfolio\/logistica\/\"><i class=\"flaticon-right-arrow-1\"><\/i><\/a>\r\n\t\t\t\t\t\t\t<h5><a href=\"https:\/\/skytrack.org\/es\/portfolio\/logistica\/\">Log\u00edstica<\/a><\/h5>\r\n\t\t\t\t\t\t\t \r\n\t\t\t\t\t\t<\/div>\r\n\t\t\t\t\t<\/div>\r\n\t\t\t\t<\/div>\r\n\t\t\t<\/div>\r\n\r\n\t\t\t\t    <\/div>\r\n\t    \t\t\t\t<\/div>\n\t\t\t\t<\/div>\n\t\t\t\t\t<\/div>\n\t\t<\/div>\n\t\t\t\t\t<\/div>\n\t\t<\/section>\n\t\t\t\t<section class=\"elementor-section elementor-top-section elementor-element elementor-element-c7ac16e ot-traditional elementor-section-boxed elementor-section-height-default elementor-section-height-default\" data-id=\"c7ac16e\" data-element_type=\"section\">\n\t\t\t\t\t\t<div class=\"elementor-container elementor-column-gap-default\">\n\t\t\t\t\t<div class=\"elementor-column elementor-col-100 elementor-top-column elementor-element elementor-element-c8b0ca9 ot-flex-column-vertical\" data-id=\"c8b0ca9\" data-element_type=\"column\">\n\t\t\t<div class=\"elementor-widget-wrap elementor-element-populated\">\n\t\t\t\t\t\t<div class=\"elementor-element elementor-element-8ccedeb elementor-widget elementor-widget-spacer\" data-id=\"8ccedeb\" data-element_type=\"widget\" data-widget_type=\"spacer.default\">\n\t\t\t\t<div class=\"elementor-widget-container\">\n\t\t\t\t\t\t\t<div class=\"elementor-spacer\">\n\t\t\t<div class=\"elementor-spacer-inner\"><\/div>\n\t\t<\/div>\n\t\t\t\t\t\t<\/div>\n\t\t\t\t<\/div>\n\t\t\t\t\t<\/div>\n\t\t<\/div>\n\t\t\t\t\t<\/div>\n\t\t<\/section>\n\t\t\t\t<\/div>\n\t\t","protected":false},"excerpt":{"rendered":"<p>\/\/ proyectos de seguimiento a\u00e9reo Presentamos nuestros proyectos: Pindos Taxi Fedex Paspaliaris Malamatina Stathis Kleemann Harley Davidson Piaggio \/ Vespa Tecnohellas QNB Voyager Motodiktyo Farma Mitsopoulos Kasasi Sicroni Metaforiki Express Hellas ERT Vikos Kotsovolos AB Vasilopoulos Compruebe tambi\u00e9n estos tipos de solicitud: Gesti\u00f3n de flotas Coches Motos Barcos Servicios p\u00fablicos Log\u00edstica Seguros Servicios de entrega [&hellip;]<\/p>\n","protected":false},"author":2,"featured_media":0,"parent":0,"menu_order":0,"comment_status":"closed","ping_status":"open","template":"","meta":{"footnotes":""},"class_list":["post-37858","page","type-page","status-publish","hentry"],"_links":{"self":[{"href":"https:\/\/skytrack.org\/es\/wp-json\/wp\/v2\/pages\/37858","targetHints":{"allow":["GET"]}}],"collection":[{"href":"https:\/\/skytrack.org\/es\/wp-json\/wp\/v2\/pages"}],"about":[{"href":"https:\/\/skytrack.org\/es\/wp-json\/wp\/v2\/types\/page"}],"author":[{"embeddable":true,"href":"https:\/\/skytrack.org\/es\/wp-json\/wp\/v2\/users\/2"}],"replies":[{"embeddable":true,"href":"https:\/\/skytrack.org\/es\/wp-json\/wp\/v2\/comments?post=37858"}],"version-history":[{"count":7,"href":"https:\/\/skytrack.org\/es\/wp-json\/wp\/v2\/pages\/37858\/revisions"}],"predecessor-version":[{"id":41720,"href":"https:\/\/skytrack.org\/es\/wp-json\/wp\/v2\/pages\/37858\/revisions\/41720"}],"wp:attachment":[{"href":"https:\/\/skytrack.org\/es\/wp-json\/wp\/v2\/media?parent=37858"}],"curies":[{"name":"wp","href":"https:\/\/api.w.org\/{rel}","templated":true}]}}