{"id":33514,"date":"2022-06-16T10:19:24","date_gmt":"2022-06-16T08:19:24","guid":{"rendered":"https:\/\/skytrack.org\/telefonovani-skytrack\/"},"modified":"2023-01-25T12:03:23","modified_gmt":"2023-01-25T10:03:23","slug":"telefonovani-skytrack-cs","status":"publish","type":"page","link":"https:\/\/skytrack.org\/cs\/telefonovani-skytrack-cs\/","title":{"rendered":"Telefonov\u00e1n\u00ed Skytrack"},"content":{"rendered":"\t\t<div data-elementor-type=\"wp-page\" data-elementor-id=\"33514\" class=\"elementor elementor-33514 elementor-12751\" data-elementor-post-type=\"page\">\n\t\t\t\t\t\t<section class=\"elementor-section elementor-top-section elementor-element elementor-element-c3fb019 ot-traditional elementor-section-boxed elementor-section-height-default elementor-section-height-default\" data-id=\"c3fb019\" data-element_type=\"section\">\n\t\t\t\t\t\t<div class=\"elementor-container elementor-column-gap-default\">\n\t\t\t\t\t<div class=\"elementor-column elementor-col-100 elementor-top-column elementor-element elementor-element-53f8471 ot-flex-column-vertical\" data-id=\"53f8471\" data-element_type=\"column\">\n\t\t\t<div class=\"elementor-widget-wrap elementor-element-populated\">\n\t\t\t\t\t\t<div class=\"elementor-element elementor-element-3cb7476 elementor-widget elementor-widget-iheading\" data-id=\"3cb7476\" data-element_type=\"widget\" data-widget_type=\"iheading.default\">\n\t\t\t\t<div class=\"elementor-widget-container\">\n\t\t\t\t\t\t\t<div class=\"ot-heading\">\r\n\t        \t            <span>\/\/ showcase<\/span>\r\n\t        <h2 class=\"main-heading\">Skytrack Telephony<\/h2>\t    <\/div>\r\n\t    \t\t\t\t<\/div>\n\t\t\t\t<\/div>\n\t\t\t\t<div class=\"elementor-element elementor-element-56fb2c4 elementor-widget elementor-widget-text-editor\" data-id=\"56fb2c4\" data-element_type=\"widget\" data-widget_type=\"text-editor.default\">\n\t\t\t\t<div class=\"elementor-widget-container\">\n\t\t\t\t\t\t\t\t\t<p>Spole\u010dnost 3CX byla zalo\u017eena v roce 2005, kdy VOIP byla teprve rozv\u00edjej\u00edc\u00ed se technologi\u00ed, a postupn\u011b se stala celosv\u011btov\u00fdm l\u00eddrem v oblasti podnikov\u00e9 komunikace. D\u00edky vyu\u017eit\u00ed otev\u0159en\u00e9ho standardu SIP a technologie WebRTC se spole\u010dnost 3CX vyvinula z p\u016fvodn\u00edho telefonn\u00edho syst\u00e9mu PBX v kompletn\u00ed komunika\u010dn\u00ed platformu, kter\u00e1 z\u00e1kazn\u00edk\u016fm nab\u00edz\u00ed jednoduch\u00e9, flexibiln\u00ed a cenov\u011b dostupn\u00e9 \u0159e\u0161en\u00ed pro vol\u00e1n\u00ed, video a \u017eiv\u00fd chat. S 3CX mohou firmy zv\u00fd\u0161it produktivitu, zlep\u0161it zku\u0161enosti z\u00e1kazn\u00edk\u016f a z\u00e1rove\u0148 v\u00fdrazn\u011b sn\u00ed\u017eit n\u00e1klady a probl\u00e9my se spr\u00e1vou. <\/p>\n\t\t\t\t\t\t\t\t<\/div>\n\t\t\t\t<\/div>\n\t\t\t\t<div class=\"elementor-element elementor-element-c7672a4 elementor-invisible elementor-widget elementor-widget-ipfilter\" data-id=\"c7672a4\" data-element_type=\"widget\" data-settings=\"{&quot;_animation&quot;:&quot;fadeInDown&quot;}\" data-widget_type=\"ipfilter.default\">\n\t\t\t\t<div class=\"elementor-widget-container\">\n\t\t\t\t\t\r\n\t\t<div class=\"project-filter-wrapper\">\r\n\t        \r\n\t        <div class=\"projects-grid projects-style-1\">\r\n\t        \t\r\n\t            \r\n\t            \t<div class=\"project-item category-292 \">\r\n\t\t\t\t\t\t<div class=\"projects-box\">\r\n\t\t\t\t\t\t\t<div class=\"projects-thumbnail\">\r\n\t\t\t\t\t\t\t\t<a href=\"https:\/\/skytrack.org\/cs\/portfolio\/call-centrum-nove-generace\/\">\r\n\t\t\t\t\t\t\t\t\t<img fetchpriority=\"high\" decoding=\"async\" width=\"720\" height=\"720\" src=\"https:\/\/skytrack.org\/wp-content\/uploads\/2022\/06\/3cx-call-center00-720x720.jpg\" class=\"attachment-engitech-portfolio-thumbnail-grid size-engitech-portfolio-thumbnail-grid wp-post-image\" alt=\"\" srcset=\"https:\/\/skytrack.org\/wp-content\/uploads\/2022\/06\/3cx-call-center00-720x720.jpg 720w, https:\/\/skytrack.org\/wp-content\/uploads\/2022\/06\/3cx-call-center00-300x300.jpg 300w, https:\/\/skytrack.org\/wp-content\/uploads\/2022\/06\/3cx-call-center00-150x150.jpg 150w, https:\/\/skytrack.org\/wp-content\/uploads\/2022\/06\/3cx-call-center00-768x768.jpg 768w, https:\/\/skytrack.org\/wp-content\/uploads\/2022\/06\/3cx-call-center00.jpg 800w\" sizes=\"(max-width: 720px) 100vw, 720px\" \/>\t\t\t\t\t\t\t\t<\/a>\r\n\t\t\t\t\t\t\t<\/div>\r\n\t\t\t\t\t\t\t<div class=\"portfolio-info \">\r\n\t\t\t\t\t\t\t\t<a class=\"overlay\" href=\"https:\/\/skytrack.org\/cs\/portfolio\/call-centrum-nove-generace\/\"><\/a>\t\t\t\t\t\t\t\t<div class=\"portfolio-info-inner\">\r\n\t\t\t\t\t\t\t\t\t<h5><a href=\"https:\/\/skytrack.org\/cs\/portfolio\/call-centrum-nove-generace\/\">Call centrum nov\u00e9 generace<\/a><\/h5>\r\n\t\t\t\t\t\t\t\t\t \r\n\t\t\t\t\t\t\t\t<\/div>\r\n\t\t\t\t\t\t\t<\/div>\r\n\t\t\t\t\t\t<\/div>\r\n\t\t\t\t\t<\/div>\r\n\r\n\t            \r\n\t            \t<div class=\"project-item category-292 \">\r\n\t\t\t\t\t\t<div class=\"projects-box\">\r\n\t\t\t\t\t\t\t<div class=\"projects-thumbnail\">\r\n\t\t\t\t\t\t\t\t<a href=\"https:\/\/skytrack.org\/cs\/portfolio\/aplikace-a-funkce\/\">\r\n\t\t\t\t\t\t\t\t\t<img decoding=\"async\" width=\"700\" height=\"700\" src=\"https:\/\/skytrack.org\/wp-content\/uploads\/2022\/06\/3cx-apps000.jpg\" class=\"attachment-engitech-portfolio-thumbnail-grid size-engitech-portfolio-thumbnail-grid wp-post-image\" alt=\"\" srcset=\"https:\/\/skytrack.org\/wp-content\/uploads\/2022\/06\/3cx-apps000.jpg 700w, https:\/\/skytrack.org\/wp-content\/uploads\/2022\/06\/3cx-apps000-300x300.jpg 300w, https:\/\/skytrack.org\/wp-content\/uploads\/2022\/06\/3cx-apps000-150x150.jpg 150w\" sizes=\"(max-width: 700px) 100vw, 700px\" \/>\t\t\t\t\t\t\t\t<\/a>\r\n\t\t\t\t\t\t\t<\/div>\r\n\t\t\t\t\t\t\t<div class=\"portfolio-info \">\r\n\t\t\t\t\t\t\t\t<a class=\"overlay\" href=\"https:\/\/skytrack.org\/cs\/portfolio\/aplikace-a-funkce\/\"><\/a>\t\t\t\t\t\t\t\t<div class=\"portfolio-info-inner\">\r\n\t\t\t\t\t\t\t\t\t<h5><a href=\"https:\/\/skytrack.org\/cs\/portfolio\/aplikace-a-funkce\/\">Aplikace a funkce<\/a><\/h5>\r\n\t\t\t\t\t\t\t\t\t \r\n\t\t\t\t\t\t\t\t<\/div>\r\n\t\t\t\t\t\t\t<\/div>\r\n\t\t\t\t\t\t<\/div>\r\n\t\t\t\t\t<\/div>\r\n\r\n\t            \r\n\t            \t<div class=\"project-item category-292 \">\r\n\t\t\t\t\t\t<div class=\"projects-box\">\r\n\t\t\t\t\t\t\t<div class=\"projects-thumbnail\">\r\n\t\t\t\t\t\t\t\t<a href=\"https:\/\/skytrack.org\/cs\/portfolio\/snizeni-nakladu\/\">\r\n\t\t\t\t\t\t\t\t\t<img decoding=\"async\" width=\"720\" height=\"720\" src=\"https:\/\/skytrack.org\/wp-content\/uploads\/2022\/06\/3cx-cloud2-720x720.jpg\" class=\"attachment-engitech-portfolio-thumbnail-grid size-engitech-portfolio-thumbnail-grid wp-post-image\" alt=\"\" srcset=\"https:\/\/skytrack.org\/wp-content\/uploads\/2022\/06\/3cx-cloud2-720x719.jpg 720w, https:\/\/skytrack.org\/wp-content\/uploads\/2022\/06\/3cx-cloud2-300x300.jpg 300w, https:\/\/skytrack.org\/wp-content\/uploads\/2022\/06\/3cx-cloud2-150x150.jpg 150w, https:\/\/skytrack.org\/wp-content\/uploads\/2022\/06\/3cx-cloud2-768x767.jpg 768w, https:\/\/skytrack.org\/wp-content\/uploads\/2022\/06\/3cx-cloud2.jpg 902w\" sizes=\"(max-width: 720px) 100vw, 720px\" \/>\t\t\t\t\t\t\t\t<\/a>\r\n\t\t\t\t\t\t\t<\/div>\r\n\t\t\t\t\t\t\t<div class=\"portfolio-info \">\r\n\t\t\t\t\t\t\t\t<a class=\"overlay\" href=\"https:\/\/skytrack.org\/cs\/portfolio\/snizeni-nakladu\/\"><\/a>\t\t\t\t\t\t\t\t<div class=\"portfolio-info-inner\">\r\n\t\t\t\t\t\t\t\t\t<h5><a href=\"https:\/\/skytrack.org\/cs\/portfolio\/snizeni-nakladu\/\">Sn\u00ed\u017een\u00ed n\u00e1klad\u016f<\/a><\/h5>\r\n\t\t\t\t\t\t\t\t\t \r\n\t\t\t\t\t\t\t\t<\/div>\r\n\t\t\t\t\t\t\t<\/div>\r\n\t\t\t\t\t\t<\/div>\r\n\t\t\t\t\t<\/div>\r\n\r\n\t            \r\n\t            \t<div class=\"project-item category-292 \">\r\n\t\t\t\t\t\t<div class=\"projects-box\">\r\n\t\t\t\t\t\t\t<div class=\"projects-thumbnail\">\r\n\t\t\t\t\t\t\t\t<a href=\"https:\/\/skytrack.org\/cs\/portfolio\/zabezpeceni-a-zalohovani\/\">\r\n\t\t\t\t\t\t\t\t\t<img loading=\"lazy\" decoding=\"async\" width=\"720\" height=\"720\" src=\"https:\/\/skytrack.org\/wp-content\/uploads\/2022\/06\/3cx-backup00-720x720.jpg\" class=\"attachment-engitech-portfolio-thumbnail-grid size-engitech-portfolio-thumbnail-grid wp-post-image\" alt=\"\" srcset=\"https:\/\/skytrack.org\/wp-content\/uploads\/2022\/06\/3cx-backup00-720x719.jpg 720w, https:\/\/skytrack.org\/wp-content\/uploads\/2022\/06\/3cx-backup00-300x300.jpg 300w, https:\/\/skytrack.org\/wp-content\/uploads\/2022\/06\/3cx-backup00-150x150.jpg 150w, https:\/\/skytrack.org\/wp-content\/uploads\/2022\/06\/3cx-backup00-768x767.jpg 768w, https:\/\/skytrack.org\/wp-content\/uploads\/2022\/06\/3cx-backup00.jpg 858w\" sizes=\"(max-width: 720px) 100vw, 720px\" \/>\t\t\t\t\t\t\t\t<\/a>\r\n\t\t\t\t\t\t\t<\/div>\r\n\t\t\t\t\t\t\t<div class=\"portfolio-info \">\r\n\t\t\t\t\t\t\t\t<a class=\"overlay\" href=\"https:\/\/skytrack.org\/cs\/portfolio\/zabezpeceni-a-zalohovani\/\"><\/a>\t\t\t\t\t\t\t\t<div class=\"portfolio-info-inner\">\r\n\t\t\t\t\t\t\t\t\t<h5><a href=\"https:\/\/skytrack.org\/cs\/portfolio\/zabezpeceni-a-zalohovani\/\">Zabezpe\u010den\u00ed a z\u00e1lohov\u00e1n\u00ed<\/a><\/h5>\r\n\t\t\t\t\t\t\t\t\t \r\n\t\t\t\t\t\t\t\t<\/div>\r\n\t\t\t\t\t\t\t<\/div>\r\n\t\t\t\t\t\t<\/div>\r\n\t\t\t\t\t<\/div>\r\n\r\n\t            \r\n\t            \t<div class=\"project-item category-292 \">\r\n\t\t\t\t\t\t<div class=\"projects-box\">\r\n\t\t\t\t\t\t\t<div class=\"projects-thumbnail\">\r\n\t\t\t\t\t\t\t\t<a href=\"https:\/\/skytrack.org\/cs\/portfolio\/nasazeni-on-premise-nebo-v-cloudu\/\">\r\n\t\t\t\t\t\t\t\t\t<img decoding=\"async\" width=\"720\" height=\"720\" src=\"https:\/\/skytrack.org\/wp-content\/uploads\/2022\/06\/3cx-cloud2-720x720.jpg\" class=\"attachment-engitech-portfolio-thumbnail-grid size-engitech-portfolio-thumbnail-grid wp-post-image\" alt=\"\" srcset=\"https:\/\/skytrack.org\/wp-content\/uploads\/2022\/06\/3cx-cloud2-720x719.jpg 720w, https:\/\/skytrack.org\/wp-content\/uploads\/2022\/06\/3cx-cloud2-300x300.jpg 300w, https:\/\/skytrack.org\/wp-content\/uploads\/2022\/06\/3cx-cloud2-150x150.jpg 150w, https:\/\/skytrack.org\/wp-content\/uploads\/2022\/06\/3cx-cloud2-768x767.jpg 768w, https:\/\/skytrack.org\/wp-content\/uploads\/2022\/06\/3cx-cloud2.jpg 902w\" sizes=\"(max-width: 720px) 100vw, 720px\" \/>\t\t\t\t\t\t\t\t<\/a>\r\n\t\t\t\t\t\t\t<\/div>\r\n\t\t\t\t\t\t\t<div class=\"portfolio-info \">\r\n\t\t\t\t\t\t\t\t<a class=\"overlay\" href=\"https:\/\/skytrack.org\/cs\/portfolio\/nasazeni-on-premise-nebo-v-cloudu\/\"><\/a>\t\t\t\t\t\t\t\t<div class=\"portfolio-info-inner\">\r\n\t\t\t\t\t\t\t\t\t<h5><a href=\"https:\/\/skytrack.org\/cs\/portfolio\/nasazeni-on-premise-nebo-v-cloudu\/\">Nasazen\u00ed on-premise nebo v cloudu<\/a><\/h5>\r\n\t\t\t\t\t\t\t\t\t \r\n\t\t\t\t\t\t\t\t<\/div>\r\n\t\t\t\t\t\t\t<\/div>\r\n\t\t\t\t\t\t<\/div>\r\n\t\t\t\t\t<\/div>\r\n\r\n\t            \r\n\t            \t<div class=\"project-item category-292 \">\r\n\t\t\t\t\t\t<div class=\"projects-box\">\r\n\t\t\t\t\t\t\t<div class=\"projects-thumbnail\">\r\n\t\t\t\t\t\t\t\t<a href=\"https:\/\/skytrack.org\/cs\/portfolio\/snadna-instalace-a-sprava\/\">\r\n\t\t\t\t\t\t\t\t\t<img loading=\"lazy\" decoding=\"async\" width=\"720\" height=\"720\" src=\"https:\/\/skytrack.org\/wp-content\/uploads\/2022\/06\/3CX-Management-Console-720x720.jpg\" class=\"attachment-engitech-portfolio-thumbnail-grid size-engitech-portfolio-thumbnail-grid wp-post-image\" alt=\"\" srcset=\"https:\/\/skytrack.org\/wp-content\/uploads\/2022\/06\/3CX-Management-Console-720x720.jpg 720w, https:\/\/skytrack.org\/wp-content\/uploads\/2022\/06\/3CX-Management-Console-150x150.jpg 150w\" sizes=\"(max-width: 720px) 100vw, 720px\" \/>\t\t\t\t\t\t\t\t<\/a>\r\n\t\t\t\t\t\t\t<\/div>\r\n\t\t\t\t\t\t\t<div class=\"portfolio-info \">\r\n\t\t\t\t\t\t\t\t<a class=\"overlay\" href=\"https:\/\/skytrack.org\/cs\/portfolio\/snadna-instalace-a-sprava\/\"><\/a>\t\t\t\t\t\t\t\t<div class=\"portfolio-info-inner\">\r\n\t\t\t\t\t\t\t\t\t<h5><a href=\"https:\/\/skytrack.org\/cs\/portfolio\/snadna-instalace-a-sprava\/\">Snadn\u00e1 instalace a spr\u00e1va<\/a><\/h5>\r\n\t\t\t\t\t\t\t\t\t \r\n\t\t\t\t\t\t\t\t<\/div>\r\n\t\t\t\t\t\t\t<\/div>\r\n\t\t\t\t\t\t<\/div>\r\n\t\t\t\t\t<\/div>\r\n\r\n\t            \t        <\/div>\r\n\t    <\/div>\r\n\r\n\t    \t\t\t\t<\/div>\n\t\t\t\t<\/div>\n\t\t\t\t\t<\/div>\n\t\t<\/div>\n\t\t\t\t\t<\/div>\n\t\t<\/section>\n\t\t\t\t<section class=\"elementor-section elementor-top-section elementor-element elementor-element-ca1fee7 ot-traditional elementor-section-boxed elementor-section-height-default elementor-section-height-default\" data-id=\"ca1fee7\" data-element_type=\"section\">\n\t\t\t\t\t\t<div class=\"elementor-container elementor-column-gap-default\">\n\t\t\t\t\t<div class=\"elementor-column elementor-col-100 elementor-top-column elementor-element elementor-element-bbe3b8c ot-flex-column-vertical\" data-id=\"bbe3b8c\" data-element_type=\"column\">\n\t\t\t<div class=\"elementor-widget-wrap elementor-element-populated\">\n\t\t\t\t\t\t<div class=\"elementor-element elementor-element-66a0ca2 elementor-widget elementor-widget-imenu\" data-id=\"66a0ca2\" data-element_type=\"widget\" data-widget_type=\"imenu.default\">\n\t\t\t\t<div class=\"elementor-widget-container\">\n\t\t\t\t\t\t\t\t<nav id=\"site-navigation\" class=\"main-navigation \">\t\t\t\r\n\t\t\t\t<ul id=\"primary-menu\" class=\"menu\"><li id=\"menu-item-47287\" class=\"menu-item menu-item-type-post_type menu-item-object-page menu-item-home menu-item-47287\"><a href=\"https:\/\/skytrack.org\/home-5\/\">Home<\/a><\/li>\n<li id=\"menu-item-2030\" class=\"menu-item menu-item-type-custom menu-item-object-custom menu-item-has-children menu-item-2030\"><a>Company<\/a>\n<ul class=\"sub-menu\">\n\t<li id=\"menu-item-9608\" class=\"menu-item menu-item-type-post_type menu-item-object-page menu-item-9608\"><a href=\"https:\/\/skytrack.org\/about-us\/\">O n\u00e1s<\/a><\/li>\n\t<li id=\"menu-item-2026\" class=\"menu-item menu-item-type-post_type menu-item-object-page menu-item-2026\"><a href=\"https:\/\/skytrack.org\/why-choose-us\/\">Pro\u010d si vybrat n\u00e1s<\/a><\/li>\n\t<li id=\"menu-item-2021\" class=\"menu-item menu-item-type-post_type menu-item-object-page menu-item-2021\"><a href=\"https:\/\/skytrack.org\/our-team\/\">N\u00e1\u0161 t\u00fdm<\/a><\/li>\n\t<li id=\"menu-item-10898\" class=\"menu-item menu-item-type-post_type menu-item-object-page menu-item-10898\"><a href=\"https:\/\/skytrack.org\/how-it-works\/\">Jak to funguje<\/a><\/li>\n\t<li id=\"menu-item-9266\" class=\"menu-item menu-item-type-post_type menu-item-object-page menu-item-9266\"><a href=\"https:\/\/skytrack.org\/become-a-partner\/\">Sta\u0148te se partnerem<\/a><\/li>\n\t<li id=\"menu-item-20938\" class=\"menu-item menu-item-type-post_type menu-item-object-page menu-item-20938\"><a href=\"https:\/\/skytrack.org\/newsroom\/\">Newsroom<\/a><\/li>\n\t<li id=\"menu-item-11675\" class=\"menu-item menu-item-type-post_type menu-item-object-page menu-item-11675\"><a href=\"https:\/\/skytrack.org\/career\/\">Kari\u00e9ra<\/a><\/li>\n\t<li id=\"menu-item-2019\" class=\"menu-item menu-item-type-post_type menu-item-object-page menu-item-2019\"><a href=\"https:\/\/skytrack.org\/faqs\/\">Nej\u010dast\u011bj\u0161\u00ed dotazy<\/a><\/li>\n<\/ul>\n<\/li>\n<li id=\"menu-item-7986\" class=\"menu-item menu-item-type-post_type menu-item-object-page menu-item-7986\"><a href=\"https:\/\/skytrack.org\/features\/\">Funkce<\/a><\/li>\n<li id=\"menu-item-12667\" class=\"menu-item menu-item-type-custom menu-item-object-custom menu-item-has-children menu-item-12667\"><a>Skytrack Services<\/a>\n<ul class=\"sub-menu\">\n\t<li id=\"menu-item-12670\" class=\"menu-item menu-item-type-post_type menu-item-object-page menu-item-12670\"><a href=\"https:\/\/skytrack.org\/skytrack-telematics\/\">Skytrack Telematics<\/a><\/li>\n\t<li id=\"menu-item-14237\" class=\"menu-item menu-item-type-custom menu-item-object-custom menu-item-14237\"><a href=\"https:\/\/skytrack.org\/skytrack-iot\/\">Skytrack IoT<\/a><\/li>\n\t<li id=\"menu-item-48425\" class=\"menu-item menu-item-type-post_type menu-item-object-page menu-item-48425\"><a href=\"https:\/\/skytrack.org\/cs\/skytrack-sim-cards\/\">Skytrack SIM Cards<\/a><\/li>\n<\/ul>\n<\/li>\n<li id=\"menu-item-42317\" class=\"menu-item menu-item-type-post_type menu-item-object-page menu-item-42317\"><a href=\"https:\/\/skytrack.org\/cs\/academy\/\">Academy<\/a><\/li>\n<li id=\"menu-item-47461\" class=\"menu-item menu-item-type-post_type menu-item-object-page menu-item-47461\"><a href=\"https:\/\/skytrack.org\/cs\/partners-network-2\/\">Partners Network<\/a><\/li>\n<li id=\"menu-item-5497\" class=\"menu-item menu-item-type-post_type menu-item-object-page menu-item-5497\"><a href=\"https:\/\/skytrack.org\/projects\/\">Projekty<\/a><\/li>\n<li id=\"menu-item-2014\" class=\"menu-item menu-item-type-post_type menu-item-object-page current_page_parent menu-item-2014\"><a href=\"https:\/\/skytrack.org\/blog\/\">Blog<\/a><\/li>\n<li id=\"menu-item-2017\" class=\"menu-item menu-item-type-post_type menu-item-object-page menu-item-2017\"><a href=\"https:\/\/skytrack.org\/contact-us\/\">Kontaktujte n\u00e1s<\/a><\/li>\n<li id=\"menu-item-wpml-ls-44-cs\" class=\"menu-item wpml-ls-slot-44 wpml-ls-item wpml-ls-item-cs wpml-ls-current-language wpml-ls-menu-item menu-item-type-wpml_ls_menu_item menu-item-object-wpml_ls_menu_item menu-item-has-children menu-item-wpml-ls-44-cs\"><a href=\"https:\/\/skytrack.org\/cs\/\" title=\"\u010ce\u0161tina\"><img decoding=\"async\"\n            class=\"wpml-ls-flag\"\n            src=\"https:\/\/skytrack.org\/wp-content\/plugins\/sitepress-multilingual-cms\/res\/flags\/cs.png\"\n            alt=\"\"\n            \n            \n    \/><span class=\"wpml-ls-native\" lang=\"cs\">\u010ce\u0161tina<\/span><\/a>\n<ul class=\"sub-menu\">\n\t<li id=\"menu-item-wpml-ls-44-en\" class=\"menu-item wpml-ls-slot-44 wpml-ls-item wpml-ls-item-en wpml-ls-menu-item wpml-ls-first-item menu-item-type-wpml_ls_menu_item menu-item-object-wpml_ls_menu_item menu-item-wpml-ls-44-en\"><a href=\"https:\/\/skytrack.org\/\" title=\"Angli\u010dtina\"><img decoding=\"async\"\n            class=\"wpml-ls-flag\"\n            src=\"https:\/\/skytrack.org\/wp-content\/plugins\/sitepress-multilingual-cms\/res\/flags\/en.png\"\n            alt=\"\"\n            \n            \n    \/><span class=\"wpml-ls-native\" lang=\"en\">English<\/span><span class=\"wpml-ls-display\"><span class=\"wpml-ls-bracket\"> (<\/span>Angli\u010dtina<span class=\"wpml-ls-bracket\">)<\/span><\/span><\/a><\/li>\n\t<li id=\"menu-item-wpml-ls-44-el\" class=\"menu-item wpml-ls-slot-44 wpml-ls-item wpml-ls-item-el wpml-ls-menu-item menu-item-type-wpml_ls_menu_item menu-item-object-wpml_ls_menu_item menu-item-wpml-ls-44-el\"><a href=\"https:\/\/skytrack.org\/el\/\" title=\"\u0158e\u010dtina\"><img decoding=\"async\"\n            class=\"wpml-ls-flag\"\n            src=\"https:\/\/skytrack.org\/wp-content\/plugins\/sitepress-multilingual-cms\/res\/flags\/el.png\"\n            alt=\"\"\n            \n            \n    \/><span class=\"wpml-ls-native\" lang=\"el\">\u0395\u03bb\u03bb\u03b7\u03bd\u03b9\u03ba\u03ac<\/span><span class=\"wpml-ls-display\"><span class=\"wpml-ls-bracket\"> (<\/span>\u0158e\u010dtina<span class=\"wpml-ls-bracket\">)<\/span><\/span><\/a><\/li>\n\t<li id=\"menu-item-wpml-ls-44-bg\" class=\"menu-item wpml-ls-slot-44 wpml-ls-item wpml-ls-item-bg wpml-ls-menu-item menu-item-type-wpml_ls_menu_item menu-item-object-wpml_ls_menu_item menu-item-wpml-ls-44-bg\"><a href=\"https:\/\/skytrack.org\/bg\/\" title=\"Bulhar\u0161tina\"><img decoding=\"async\"\n            class=\"wpml-ls-flag\"\n            src=\"https:\/\/skytrack.org\/wp-content\/plugins\/sitepress-multilingual-cms\/res\/flags\/bg.png\"\n            alt=\"\"\n            \n            \n    \/><span class=\"wpml-ls-native\" lang=\"bg\">\u0411\u044a\u043b\u0433\u0430\u0440\u0441\u043a\u0438<\/span><span class=\"wpml-ls-display\"><span class=\"wpml-ls-bracket\"> (<\/span>Bulhar\u0161tina<span class=\"wpml-ls-bracket\">)<\/span><\/span><\/a><\/li>\n\t<li id=\"menu-item-wpml-ls-44-ro\" class=\"menu-item wpml-ls-slot-44 wpml-ls-item wpml-ls-item-ro wpml-ls-menu-item menu-item-type-wpml_ls_menu_item menu-item-object-wpml_ls_menu_item menu-item-wpml-ls-44-ro\"><a href=\"https:\/\/skytrack.org\/ro\/\" title=\"Rumun\u0161tina\"><img decoding=\"async\"\n            class=\"wpml-ls-flag\"\n            src=\"https:\/\/skytrack.org\/wp-content\/plugins\/sitepress-multilingual-cms\/res\/flags\/ro.png\"\n            alt=\"\"\n            \n            \n    \/><span class=\"wpml-ls-native\" lang=\"ro\">Rom\u00e2n\u0103<\/span><span class=\"wpml-ls-display\"><span class=\"wpml-ls-bracket\"> (<\/span>Rumun\u0161tina<span class=\"wpml-ls-bracket\">)<\/span><\/span><\/a><\/li>\n\t<li id=\"menu-item-wpml-ls-44-it\" class=\"menu-item wpml-ls-slot-44 wpml-ls-item wpml-ls-item-it wpml-ls-menu-item menu-item-type-wpml_ls_menu_item menu-item-object-wpml_ls_menu_item menu-item-wpml-ls-44-it\"><a href=\"https:\/\/skytrack.org\/it\/\" title=\"Ital\"><img decoding=\"async\"\n            class=\"wpml-ls-flag\"\n            src=\"https:\/\/skytrack.org\/wp-content\/plugins\/sitepress-multilingual-cms\/res\/flags\/it.png\"\n            alt=\"\"\n            \n            \n    \/><span class=\"wpml-ls-native\" lang=\"it\">Italiano<\/span><span class=\"wpml-ls-display\"><span class=\"wpml-ls-bracket\"> (<\/span>Ital<span class=\"wpml-ls-bracket\">)<\/span><\/span><\/a><\/li>\n\t<li id=\"menu-item-wpml-ls-44-es\" class=\"menu-item wpml-ls-slot-44 wpml-ls-item wpml-ls-item-es wpml-ls-menu-item wpml-ls-last-item menu-item-type-wpml_ls_menu_item menu-item-object-wpml_ls_menu_item menu-item-wpml-ls-44-es\"><a href=\"https:\/\/skytrack.org\/es\/\" title=\"\u0160pan\u011blsk\u00fd\"><img decoding=\"async\"\n            class=\"wpml-ls-flag\"\n            src=\"https:\/\/skytrack.org\/wp-content\/plugins\/sitepress-multilingual-cms\/res\/flags\/es.png\"\n            alt=\"\"\n            \n            \n    \/><span class=\"wpml-ls-native\" lang=\"es\">Espa\u00f1ol<\/span><span class=\"wpml-ls-display\"><span class=\"wpml-ls-bracket\"> (<\/span>\u0160pan\u011blsk\u00fd<span class=\"wpml-ls-bracket\">)<\/span><\/span><\/a><\/li>\n<\/ul>\n<\/li>\n<\/ul>\t\t\t<\/nav>\r\n\t    \t\t\t\t<\/div>\n\t\t\t\t<\/div>\n\t\t\t\t\t<\/div>\n\t\t<\/div>\n\t\t\t\t\t<\/div>\n\t\t<\/section>\n\t\t\t\t<\/div>\n\t\t","protected":false},"excerpt":{"rendered":"<p>\/\/ showcase Skytrack Telephony Spole\u010dnost 3CX byla zalo\u017eena v roce 2005, kdy VOIP byla teprve rozv\u00edjej\u00edc\u00ed se technologi\u00ed, a postupn\u011b se stala celosv\u011btov\u00fdm l\u00eddrem v oblasti podnikov\u00e9 komunikace. D\u00edky vyu\u017eit\u00ed otev\u0159en\u00e9ho standardu SIP a technologie WebRTC se spole\u010dnost 3CX vyvinula z p\u016fvodn\u00edho telefonn\u00edho syst\u00e9mu PBX v kompletn\u00ed komunika\u010dn\u00ed platformu, kter\u00e1 z\u00e1kazn\u00edk\u016fm nab\u00edz\u00ed jednoduch\u00e9, flexibiln\u00ed a [&hellip;]<\/p>\n","protected":false},"author":2,"featured_media":0,"parent":0,"menu_order":0,"comment_status":"closed","ping_status":"open","template":"elementor_theme","meta":{"footnotes":""},"class_list":["post-33514","page","type-page","status-publish","hentry"],"_links":{"self":[{"href":"https:\/\/skytrack.org\/cs\/wp-json\/wp\/v2\/pages\/33514","targetHints":{"allow":["GET"]}}],"collection":[{"href":"https:\/\/skytrack.org\/cs\/wp-json\/wp\/v2\/pages"}],"about":[{"href":"https:\/\/skytrack.org\/cs\/wp-json\/wp\/v2\/types\/page"}],"author":[{"embeddable":true,"href":"https:\/\/skytrack.org\/cs\/wp-json\/wp\/v2\/users\/2"}],"replies":[{"embeddable":true,"href":"https:\/\/skytrack.org\/cs\/wp-json\/wp\/v2\/comments?post=33514"}],"version-history":[{"count":2,"href":"https:\/\/skytrack.org\/cs\/wp-json\/wp\/v2\/pages\/33514\/revisions"}],"predecessor-version":[{"id":34156,"href":"https:\/\/skytrack.org\/cs\/wp-json\/wp\/v2\/pages\/33514\/revisions\/34156"}],"wp:attachment":[{"href":"https:\/\/skytrack.org\/cs\/wp-json\/wp\/v2\/media?parent=33514"}],"curies":[{"name":"wp","href":"https:\/\/api.w.org\/{rel}","templated":true}]}}