{"id":33506,"date":"2022-02-11T09:24:48","date_gmt":"2022-02-11T07:24:48","guid":{"rendered":"https:\/\/skytrack.org\/kariera\/"},"modified":"2023-01-25T11:42:20","modified_gmt":"2023-01-25T09:42:20","slug":"kariera","status":"publish","type":"page","link":"https:\/\/skytrack.org\/cs\/kariera\/","title":{"rendered":"Kari\u00e9ra"},"content":{"rendered":"\t\t<div data-elementor-type=\"wp-page\" data-elementor-id=\"33506\" class=\"elementor elementor-33506 elementor-11668\" data-elementor-post-type=\"page\">\n\t\t\t\t\t\t<section class=\"elementor-section elementor-top-section elementor-element elementor-element-5f5f846b ot-traditional elementor-section-boxed elementor-section-height-default elementor-section-height-default\" data-id=\"5f5f846b\" data-element_type=\"section\" data-settings=\"{&quot;background_background&quot;:&quot;classic&quot;}\">\n\t\t\t\t\t\t\t<div class=\"elementor-background-overlay\"><\/div>\n\t\t\t\t\t\t\t<div class=\"elementor-container elementor-column-gap-default\">\n\t\t\t\t\t<div class=\"elementor-column elementor-col-100 elementor-top-column elementor-element elementor-element-4dd821ae ot-flex-column-vertical\" data-id=\"4dd821ae\" data-element_type=\"column\">\n\t\t\t<div class=\"elementor-widget-wrap elementor-element-populated\">\n\t\t\t\t\t\t<section class=\"elementor-section elementor-inner-section elementor-element elementor-element-34630509 ot-traditional elementor-section-boxed elementor-section-height-default elementor-section-height-default\" data-id=\"34630509\" data-element_type=\"section\">\n\t\t\t\t\t\t<div class=\"elementor-container elementor-column-gap-default\">\n\t\t\t\t\t<div class=\"elementor-column elementor-col-100 elementor-inner-column elementor-element elementor-element-2309a085 ot-flex-column-vertical\" data-id=\"2309a085\" data-element_type=\"column\">\n\t\t\t<div class=\"elementor-widget-wrap elementor-element-populated\">\n\t\t\t\t\t\t<div class=\"elementor-element elementor-element-d37c664 elementor-widget elementor-widget-heading\" data-id=\"d37c664\" data-element_type=\"widget\" data-widget_type=\"heading.default\">\n\t\t\t\t<div class=\"elementor-widget-container\">\n\t\t\t\t\t<h2 class=\"elementor-heading-title elementor-size-default\">Naj\u00edm\u00e1me profesion\u00e1ly, <br>kte\u0159\u00ed cht\u011bj\u00ed r\u016fst s n\u00e1mi!<\/h2>\t\t\t\t<\/div>\n\t\t\t\t<\/div>\n\t\t\t\t\t<\/div>\n\t\t<\/div>\n\t\t\t\t\t<\/div>\n\t\t<\/section>\n\t\t\t\t\t<\/div>\n\t\t<\/div>\n\t\t\t\t\t<\/div>\n\t\t<\/section>\n\t\t\t\t<section class=\"elementor-section elementor-top-section elementor-element elementor-element-6a34d16e ot-traditional elementor-section-boxed elementor-section-height-default elementor-section-height-default\" data-id=\"6a34d16e\" data-element_type=\"section\">\n\t\t\t\t\t\t<div class=\"elementor-container elementor-column-gap-default\">\n\t\t\t\t\t<div class=\"elementor-column elementor-col-50 elementor-top-column elementor-element elementor-element-4054e901 ot-flex-column-vertical\" data-id=\"4054e901\" data-element_type=\"column\">\n\t\t\t<div class=\"elementor-widget-wrap elementor-element-populated\">\n\t\t\t\t\t\t<div class=\"elementor-element elementor-element-4f81aa62 elementor-widget elementor-widget-image\" data-id=\"4f81aa62\" data-element_type=\"widget\" data-widget_type=\"image.default\">\n\t\t\t\t<div class=\"elementor-widget-container\">\n\t\t\t\t\t\t\t\t\t\t\t\t\t\t\t<img fetchpriority=\"high\" decoding=\"async\" width=\"1024\" height=\"682\" src=\"https:\/\/skytrack.org\/wp-content\/uploads\/2021\/12\/kasasi03-1024x682.jpg\" class=\"elementor-animation-bob attachment-large size-large wp-image-10340\" alt=\"\" srcset=\"https:\/\/skytrack.org\/wp-content\/uploads\/2021\/12\/kasasi03-1024x682.jpg 1024w, https:\/\/skytrack.org\/wp-content\/uploads\/2021\/12\/kasasi03-300x200.jpg 300w, https:\/\/skytrack.org\/wp-content\/uploads\/2021\/12\/kasasi03-768x512.jpg 768w, https:\/\/skytrack.org\/wp-content\/uploads\/2021\/12\/kasasi03-1536x1024.jpg 1536w, https:\/\/skytrack.org\/wp-content\/uploads\/2021\/12\/kasasi03-720x480.jpg 720w, https:\/\/skytrack.org\/wp-content\/uploads\/2021\/12\/kasasi03.jpg 2000w\" sizes=\"(max-width: 1024px) 100vw, 1024px\" \/>\t\t\t\t\t\t\t\t\t\t\t\t\t\t\t<\/div>\n\t\t\t\t<\/div>\n\t\t\t\t\t<\/div>\n\t\t<\/div>\n\t\t\t\t<div class=\"elementor-column elementor-col-50 elementor-top-column elementor-element elementor-element-eb4bb32 ot-flex-column-vertical\" data-id=\"eb4bb32\" data-element_type=\"column\">\n\t\t\t<div class=\"elementor-widget-wrap elementor-element-populated\">\n\t\t\t\t\t\t<div class=\"elementor-element elementor-element-9f8d1f1 elementor-widget elementor-widget-iheading\" data-id=\"9f8d1f1\" data-element_type=\"widget\" data-widget_type=\"iheading.default\">\n\t\t\t\t<div class=\"elementor-widget-container\">\n\t\t\t\t\t\t\t<div class=\"ot-heading\">\r\n\t        \t            <span>\/\/ Za\u010dn\u011bte svou kari\u00e9ru se spole\u010dnost\u00ed skytrack<\/span>\r\n\t        <h2 class=\"main-heading\">V\u00fdvoj\u00e1\u0159 pro Android a IOS<\/h2>\t    <\/div>\r\n\t    \t\t\t\t<\/div>\n\t\t\t\t<\/div>\n\t\t\t\t<div class=\"elementor-element elementor-element-247d3aef animated-slow elementor-invisible elementor-widget elementor-widget-text-editor\" data-id=\"247d3aef\" data-element_type=\"widget\" data-settings=\"{&quot;_animation&quot;:&quot;fadeInLeft&quot;,&quot;_animation_delay&quot;:400}\" data-widget_type=\"text-editor.default\">\n\t\t\t\t<div class=\"elementor-widget-container\">\n\t\t\t\t\t\t\t\t\t<p>Skytrack, \u0159eck\u00e1 softwarov\u00e1 spole\u010dnost (SaaS) se s\u00eddlem v Thermi Thessaloniki, hled\u00e1 v\u00fdvoj\u00e1\u0159e pro Android a IOS.<br \/><strong><br \/>Co budete d\u011blat:<br \/><\/strong>Spolupracujte s multifunk\u010dn\u00edm t\u00fdmem na n\u00e1vrhu a tvorb\u011b pokro\u010dil\u00fdch aplikac\u00ed pro platformy Android a iOS. Testov\u00e1n\u00ed k\u00f3du na robustnost, pr\u00e1ce na oprav\u00e1ch chyb a zlep\u0161ov\u00e1n\u00ed v\u00fdkonu aplikace. Pr\u00e1ce s extern\u00edmi zdroji dat a rozhran\u00edmi API.<br \/><strong><br \/>Kvalifikace:<\/strong><br \/>-V\u00fdvoj\u00e1\u0159sk\u00e9 dovednosti v jazyc\u00edch Java, Kotlin, Swift.<br \/>-Znalost Xcode, Android Studia nebo podobn\u00fdch n\u00e1stroj\u016f pro v\u00fdvoj mobiln\u00edch aplikac\u00ed.<br \/>-Znalost mobiln\u00edch datab\u00e1z\u00ed (SQLite, Realm a\/nebo podobn\u00e9).<br \/>-Znalost pokyn\u016f pro navrhov\u00e1n\u00ed materi\u00e1l\u016f a jejich sou\u010d\u00e1st\u00ed.<br \/>-Znalost z\u00e1sad zabezpe\u010den\u00ed mobiln\u00edch za\u0159\u00edzen\u00ed.<br \/>-Zku\u0161enosti s n\u00e1vrhem a pou\u017e\u00edv\u00e1n\u00edm slu\u017eeb REST API.<br \/><strong><br \/>Co nab\u00edz\u00edme:<\/strong><br \/>Pr\u00e1ce na pln\u00fd \u00favazek na m\u00edst\u011b<br \/>Skv\u011bl\u00e9 pracovn\u00ed prost\u0159ed\u00ed<br \/>Konkuren\u010dn\u00ed plat<\/p>\n\t\t\t\t\t\t\t\t<\/div>\n\t\t\t\t<\/div>\n\t\t\t\t<div class=\"elementor-element elementor-element-46ae71eb animated-slow elementor-align-right elementor-invisible elementor-widget elementor-widget-button\" data-id=\"46ae71eb\" data-element_type=\"widget\" data-settings=\"{&quot;_animation&quot;:&quot;fadeInLeft&quot;,&quot;_animation_delay&quot;:600}\" data-widget_type=\"button.default\">\n\t\t\t\t<div class=\"elementor-widget-container\">\n\t\t\t\t\t\t\t\t\t<div class=\"elementor-button-wrapper\">\n\t\t\t\t\t<a class=\"elementor-button elementor-button-link elementor-size-sm elementor-animation-float\" href=\"https:\/\/skytrack.org\/cs\/kontaktujte-nas\/\">\n\t\t\t\t\t\t<span class=\"elementor-button-content-wrapper\">\n\t\t\t\t\t\t\t\t\t<span class=\"elementor-button-text\">kontaktujte n\u00e1s<\/span>\n\t\t\t\t\t<\/span>\n\t\t\t\t\t<\/a>\n\t\t\t\t<\/div>\n\t\t\t\t\t\t\t\t<\/div>\n\t\t\t\t<\/div>\n\t\t\t\t\t<\/div>\n\t\t<\/div>\n\t\t\t\t\t<\/div>\n\t\t<\/section>\n\t\t\t\t<section class=\"elementor-section elementor-top-section elementor-element elementor-element-66656aa ot-traditional elementor-section-boxed elementor-section-height-default elementor-section-height-default\" data-id=\"66656aa\" data-element_type=\"section\">\n\t\t\t\t\t\t<div class=\"elementor-container elementor-column-gap-default\">\n\t\t\t\t\t<div class=\"elementor-column elementor-col-50 elementor-top-column elementor-element elementor-element-ff8937f ot-flex-column-vertical\" data-id=\"ff8937f\" data-element_type=\"column\">\n\t\t\t<div class=\"elementor-widget-wrap elementor-element-populated\">\n\t\t\t\t\t\t<div class=\"elementor-element elementor-element-43a5f2c elementor-widget elementor-widget-image\" data-id=\"43a5f2c\" data-element_type=\"widget\" data-widget_type=\"image.default\">\n\t\t\t\t<div class=\"elementor-widget-container\">\n\t\t\t\t\t\t\t\t\t\t\t\t\t\t\t<img decoding=\"async\" width=\"1024\" height=\"684\" src=\"https:\/\/skytrack.org\/wp-content\/uploads\/2022\/01\/events02-1024x684.jpg\" class=\"elementor-animation-bob attachment-large size-large wp-image-11932\" alt=\"\" srcset=\"https:\/\/skytrack.org\/wp-content\/uploads\/2022\/01\/events02-1024x684.jpg 1024w, https:\/\/skytrack.org\/wp-content\/uploads\/2022\/01\/events02-300x200.jpg 300w, https:\/\/skytrack.org\/wp-content\/uploads\/2022\/01\/events02-768x513.jpg 768w, https:\/\/skytrack.org\/wp-content\/uploads\/2022\/01\/events02-1536x1025.jpg 1536w, https:\/\/skytrack.org\/wp-content\/uploads\/2022\/01\/events02-720x481.jpg 720w, https:\/\/skytrack.org\/wp-content\/uploads\/2022\/01\/events02.jpg 1600w\" sizes=\"(max-width: 1024px) 100vw, 1024px\" \/>\t\t\t\t\t\t\t\t\t\t\t\t\t\t\t<\/div>\n\t\t\t\t<\/div>\n\t\t\t\t\t<\/div>\n\t\t<\/div>\n\t\t\t\t<div class=\"elementor-column elementor-col-50 elementor-top-column elementor-element elementor-element-1bcab77 ot-flex-column-vertical\" data-id=\"1bcab77\" data-element_type=\"column\">\n\t\t\t<div class=\"elementor-widget-wrap elementor-element-populated\">\n\t\t\t\t\t\t<div class=\"elementor-element elementor-element-ddd11be elementor-widget elementor-widget-iheading\" data-id=\"ddd11be\" data-element_type=\"widget\" data-widget_type=\"iheading.default\">\n\t\t\t\t<div class=\"elementor-widget-container\">\n\t\t\t\t\t\t\t<div class=\"ot-heading\">\r\n\t        \t            <span>\/\/ Za\u010dn\u011bte svou kari\u00e9ru se spole\u010dnost\u00ed skytrack<\/span>\r\n\t        <h2 class=\"main-heading\">V\u00fdvoj\u00e1\u0159 cel\u00e9ho bal\u00edku<\/h2>\t    <\/div>\r\n\t    \t\t\t\t<\/div>\n\t\t\t\t<\/div>\n\t\t\t\t<div class=\"elementor-element elementor-element-ffa244c animated-slow elementor-invisible elementor-widget elementor-widget-text-editor\" data-id=\"ffa244c\" data-element_type=\"widget\" data-settings=\"{&quot;_animation&quot;:&quot;fadeInLeft&quot;,&quot;_animation_delay&quot;:400}\" data-widget_type=\"text-editor.default\">\n\t\t\t\t<div class=\"elementor-widget-container\">\n\t\t\t\t\t\t\t\t\t<p>Skytrack, \u0159eck\u00e1 softwarov\u00e1 spole\u010dnost (SaaS) se s\u00eddlem v Thermi Thessaloniki, hled\u00e1 Full Stack v\u00fdvoj\u00e1\u0159e.<\/p>\n<p><strong>Mus\u00ed m\u00edt:<\/strong><br \/>-2+ let zku\u0161enost\u00ed s v\u00fdvojem webov\u00fdch aplikac\u00ed<br \/>-HTML5, CSS, JavaScript, podpora r\u016fzn\u00fdch prohl\u00ed\u017ee\u010d\u016f a responzivn\u00ed design<br \/>-Zku\u0161enosti s HTML5, CSS (Bootstrap, Materialize), JS (JQuery a React) a\/nebo podobn\u00fdmi frameworky.<br \/>-Zku\u0161enosti s n\u00e1vrhem rozhran\u00ed REST API v jazyc\u00edch Java, PHP a p\u0159\u00edslu\u0161n\u00fdch backendov\u00fdch technologi\u00edch a frameworc\u00edch.<br \/>-Spr\u00e1va a n\u00e1vrh datab\u00e1z\u00edSQL a NoSQL (MySQL, MariaDB, MongoDB, Cassandra):<br \/>Python, Node.js, Angular, Typescript<\/p>\n<p><strong>Co nab\u00edz\u00edme: <\/strong><br \/>Pr\u00e1ce na pln\u00fd \u00favazek na m\u00edst\u011b<br \/>Skv\u011bl\u00e9 pracovn\u00ed prost\u0159ed\u00ed<br \/>Konkuren\u010dn\u00ed plat<\/p>\n\t\t\t\t\t\t\t\t<\/div>\n\t\t\t\t<\/div>\n\t\t\t\t<div class=\"elementor-element elementor-element-2add9ba animated-slow elementor-align-right elementor-invisible elementor-widget elementor-widget-button\" data-id=\"2add9ba\" data-element_type=\"widget\" data-settings=\"{&quot;_animation&quot;:&quot;fadeInLeft&quot;,&quot;_animation_delay&quot;:600}\" data-widget_type=\"button.default\">\n\t\t\t\t<div class=\"elementor-widget-container\">\n\t\t\t\t\t\t\t\t\t<div class=\"elementor-button-wrapper\">\n\t\t\t\t\t<a class=\"elementor-button elementor-button-link elementor-size-sm elementor-animation-float\" href=\"https:\/\/skytrack.org\/cs\/kontaktujte-nas\/\">\n\t\t\t\t\t\t<span class=\"elementor-button-content-wrapper\">\n\t\t\t\t\t\t\t\t\t<span class=\"elementor-button-text\">kontaktujte n\u00e1s<\/span>\n\t\t\t\t\t<\/span>\n\t\t\t\t\t<\/a>\n\t\t\t\t<\/div>\n\t\t\t\t\t\t\t\t<\/div>\n\t\t\t\t<\/div>\n\t\t\t\t\t<\/div>\n\t\t<\/div>\n\t\t\t\t\t<\/div>\n\t\t<\/section>\n\t\t\t\t<section class=\"elementor-section elementor-top-section elementor-element elementor-element-9f40053 ot-traditional elementor-section-boxed elementor-section-height-default elementor-section-height-default\" data-id=\"9f40053\" data-element_type=\"section\">\n\t\t\t\t\t\t<div class=\"elementor-container elementor-column-gap-default\">\n\t\t\t\t\t<div class=\"elementor-column elementor-col-100 elementor-top-column elementor-element elementor-element-dfe3146 ot-flex-column-vertical\" data-id=\"dfe3146\" data-element_type=\"column\">\n\t\t\t<div class=\"elementor-widget-wrap elementor-element-populated\">\n\t\t\t\t\t\t<div class=\"elementor-element elementor-element-fb50006 elementor-widget elementor-widget-spacer\" data-id=\"fb50006\" data-element_type=\"widget\" data-widget_type=\"spacer.default\">\n\t\t\t\t<div class=\"elementor-widget-container\">\n\t\t\t\t\t\t\t<div class=\"elementor-spacer\">\n\t\t\t<div class=\"elementor-spacer-inner\"><\/div>\n\t\t<\/div>\n\t\t\t\t\t\t<\/div>\n\t\t\t\t<\/div>\n\t\t\t\t\t<\/div>\n\t\t<\/div>\n\t\t\t\t\t<\/div>\n\t\t<\/section>\n\t\t\t\t<\/div>\n\t\t","protected":false},"excerpt":{"rendered":"<p>Naj\u00edm\u00e1me profesion\u00e1ly, kte\u0159\u00ed cht\u011bj\u00ed r\u016fst s n\u00e1mi! \/\/ Za\u010dn\u011bte svou kari\u00e9ru se spole\u010dnost\u00ed skytrack V\u00fdvoj\u00e1\u0159 pro Android a IOS Skytrack, \u0159eck\u00e1 softwarov\u00e1 spole\u010dnost (SaaS) se s\u00eddlem v Thermi Thessaloniki, hled\u00e1 v\u00fdvoj\u00e1\u0159e pro Android a IOS.Co budete d\u011blat:Spolupracujte s multifunk\u010dn\u00edm t\u00fdmem na n\u00e1vrhu a tvorb\u011b pokro\u010dil\u00fdch aplikac\u00ed pro platformy Android a iOS. Testov\u00e1n\u00ed k\u00f3du na robustnost, [&hellip;]<\/p>\n","protected":false},"author":2,"featured_media":0,"parent":0,"menu_order":0,"comment_status":"closed","ping_status":"open","template":"","meta":{"footnotes":""},"class_list":["post-33506","page","type-page","status-publish","hentry"],"_links":{"self":[{"href":"https:\/\/skytrack.org\/cs\/wp-json\/wp\/v2\/pages\/33506","targetHints":{"allow":["GET"]}}],"collection":[{"href":"https:\/\/skytrack.org\/cs\/wp-json\/wp\/v2\/pages"}],"about":[{"href":"https:\/\/skytrack.org\/cs\/wp-json\/wp\/v2\/types\/page"}],"author":[{"embeddable":true,"href":"https:\/\/skytrack.org\/cs\/wp-json\/wp\/v2\/users\/2"}],"replies":[{"embeddable":true,"href":"https:\/\/skytrack.org\/cs\/wp-json\/wp\/v2\/comments?post=33506"}],"version-history":[{"count":4,"href":"https:\/\/skytrack.org\/cs\/wp-json\/wp\/v2\/pages\/33506\/revisions"}],"predecessor-version":[{"id":34132,"href":"https:\/\/skytrack.org\/cs\/wp-json\/wp\/v2\/pages\/33506\/revisions\/34132"}],"wp:attachment":[{"href":"https:\/\/skytrack.org\/cs\/wp-json\/wp\/v2\/media?parent=33506"}],"curies":[{"name":"wp","href":"https:\/\/api.w.org\/{rel}","templated":true}]}}